{"id":815,"date":"2020-02-22T15:20:42","date_gmt":"2020-02-22T15:20:42","guid":{"rendered":"https:\/\/primemoroccotours.com\/?page_id=815"},"modified":"2025-09-01T10:42:39","modified_gmt":"2025-09-01T10:42:39","slug":"marrakech-day-trips","status":"publish","type":"page","link":"https:\/\/primemoroccotours.com\/es\/marrakech-day-trips\/","title":{"rendered":"Excursiones de un d\u00eda a Marrakech"},"content":{"rendered":"[et_pb_section fb_built=&#8221;1&#8243; fullwidth=&#8221;on&#8221; _builder_version=&#8221;4.16&#8243; global_colors_info=&#8221;{}&#8221;][et_pb_fullwidth_header title=&#8221;One day trips From Marrakech&#8221; _builder_version=&#8221;4.23.1&#8243; title_font=&#8221;|800||on|||||&#8221; background_color=&#8221;rgba(126,190,197,0)&#8221; use_background_color_gradient=&#8221;on&#8221; background_color_gradient_stops=&#8221;rgba(12,113,195,0.58) 0%|rgba(49,114,234,0.31) 100%&#8221; background_color_gradient_overlays_image=&#8221;on&#8221; background_color_gradient_start=&#8221;rgba(12,113,195,0.58)&#8221; background_color_gradient_end=&#8221;rgba(49,114,234,0.31)&#8221; background_image=&#8221;https:\/\/primemoroccotours.com\/wp-content\/uploads\/2019\/10\/Essaouira-bg.jpg&#8221; custom_padding=&#8221;150px||150px||true|false&#8221; hover_enabled=&#8221;0&#8243; global_colors_info=&#8221;{}&#8221; sticky_enabled=&#8221;0&#8243;]<p>Tours de un d\u00eda que comienzan desde Marrakech a lugares cercanos, como Ouzoud Waterfalls, Chefchouen Volubilis, Ait Ben Haddou, Ouarzazate y mucho m\u00e1s.<\/p>\n<p>Si\u00e9ntase libre de contactarnos en cualquier momento sobre cualquier tour que desee o si tiene alguna pregunta o solicitud.<\/p>[\/et_pb_fullwidth_header][\/et_pb_section][et_pb_section fb_built=&#8221;1&#8243; _builder_version=&#8221;4.16&#8243; global_colors_info=&#8221;{}&#8221;][et_pb_row _builder_version=&#8221;4.16&#8243; global_colors_info=&#8221;{}&#8221;][et_pb_column type=&#8221;4_4&#8243; _builder_version=&#8221;4.16&#8243; global_colors_info=&#8221;{}&#8221;][et_pb_text _builder_version=&#8221;4.23.1&#8243; hover_enabled=&#8221;0&#8243; global_colors_info=&#8221;{}&#8221; sticky_enabled=&#8221;0&#8243;]<h2><span style=\"color: #0c71c3;\"><strong>\u00bfQu\u00e9 son los viajes de un d\u00eda a Marrakech?<\/strong><\/span><\/h2>\n<p style=\"text-align: justify;\">Excursiones de un d\u00eda a Marrakech son excursiones que visitan lugares interesantes cerca de la Ciudad Roja. Marrakech est\u00e1 situada en un muy buen punto geogr\u00e1fico que permite a sus visitantes disfrutar de muchos lugares maravillosos, mientras que todav\u00eda est\u00e1n reservando en un hotel all\u00ed. Estas excursiones de un d\u00eda suelen comenzar temprano por la ma\u00f1ana saliendo de Marrakech, y terminan antes de que oscurezca. Las excursiones de un d\u00eda son una muy buena oportunidad para descubrir los paisajes naturales de Marruecos sin viajar por largos per\u00edodos.<\/p>\n<p style=\"text-align: justify;\">Las excursiones de un d\u00eda desde Marrakech suelen visitar Essaouira, que es una ciudad costera con una historia antigua. A lo largo de la historia, este maravilloso lugar ha atra\u00eddo a muchas civilizaciones y culturas; los edificios y los hallazgos arqueol\u00f3gicos est\u00e1n all\u00ed para demostrar cu\u00e1n rico es este lugar. Es tambi\u00e9n una ciudad muy art\u00edstica; m\u00fasicos, pintores y artesanos tradicionales consideran a Essaouira como tierra santa. Essaouira es tambi\u00e9n una parada muy famosa para los surfistas.<\/p>\n<p style=\"text-align: justify;\">Algunas excursiones de un d\u00eda visitan las cascadas cercanas como Ouzoud y Ourika. Las excursiones a las cascadas son una gran oportunidad para descubrir la belleza oculta de los paisajes naturales marroqu\u00edes y la biodiversidad; Ouzoud cascadas son el hogar de monos macacos.<\/p>\n<p style=\"text-align: justify;\">Otros viajes de un d\u00eda visitar el Hollywood de Marruecos, que es Ouarzazate y <a href=\"https:\/\/whc.unesco.org\/en\/list\/444\" target=\"_blank\" rel=\"noopener\">Ait Ben Haddo<\/a> combinado. Los dos lugares son muy populares en la cultura cinematogr\u00e1fica; puedes ver estos dos spots en pel\u00edculas como Gladiator, Kingdom Of Heaven y Lawrence of Arabia, incluso la muy famosa serie Game of Thrones tiene algunas escenas en estos estudios. La zona es muy famosa por su maravillosa arquitectura antigua que se puede ver en el Kasbah y Ksours.<\/p>\n<p style=\"text-align: justify;\">Tambi\u00e9n hay excursiones de un d\u00eda a Marrakech que visitan la zona del alto Atlas, donde se encuentra el pico m\u00e1s alto del norte de \u00c1frica; se llama Monte Toubkal. Los viajes de un d\u00eda suelen visitar la aldea de Imlil, que es una aldea del valle. La regi\u00f3n es muy tranquila y apacible, lo que la convierte en la mejor parada para las personas que est\u00e1n cansadas del ajetreado estilo de vida de la Ciudad Roja. Esta excursi\u00f3n es una gran oportunidad para probar la cocina tradicional marroqu\u00ed.<\/p>\n<p style=\"text-align: justify;\">Para m\u00e1s viajes personalizados y m\u00e1s informaci\u00f3n, puede contactar con \"Prime Morocco Tours\", nuestro equipo siempre est\u00e1 dispuesto a ayudar.<\/p>\n<p style=\"text-align: justify;\">M\u00e1s detalles a continuaci\u00f3n.<\/p>\n<p><strong><\/strong><\/p>[\/et_pb_text][\/et_pb_column][\/et_pb_row][et_pb_row column_structure=&#8221;1_3,1_3,1_3&#8243; _builder_version=&#8221;4.16&#8243; global_colors_info=&#8221;{}&#8221;][et_pb_column type=&#8221;1_3&#8243; _builder_version=&#8221;4.16&#8243; global_colors_info=&#8221;{}&#8221;][et_pb_blurb title=&#8221;OUZOUD WATERFALLS TOUR (ONE DAY)&#8221; url=&#8221;https:\/\/primemoroccotours.com\/Morocco-Tours\/ouzoud-waterfalls-tour\/&#8221; image=&#8221;https:\/\/primemoroccotours.com\/wp-content\/uploads\/2019\/09\/OUZOUD.jpg&#8221; _builder_version=&#8221;4.16&#8243; header_level=&#8221;h3&#8243; header_font=&#8221;|700|||||||&#8221; header_text_align=&#8221;center&#8221; header_text_color=&#8221;#ffffff&#8221; background_color=&#8221;#0c71c3&#8243; global_colors_info=&#8221;{}&#8221;][\/et_pb_blurb][et_pb_blurb title=&#8221;OURIKA DAY TRIP&#8221; url=&#8221;https:\/\/primemoroccotours.com\/Morocco-Tours\/ourika-day-trip\/&#8221; image=&#8221;https:\/\/primemoroccotours.com\/wp-content\/uploads\/2019\/09\/OURIKA2.jpg&#8221; _builder_version=&#8221;4.16&#8243; header_level=&#8221;h3&#8243; header_font=&#8221;|700||on|||||&#8221; header_text_align=&#8221;center&#8221; header_text_color=&#8221;#ffffff&#8221; background_color=&#8221;#0c71c3&#8243; global_colors_info=&#8221;{}&#8221;][\/et_pb_blurb][\/et_pb_column][et_pb_column type=&#8221;1_3&#8243; _builder_version=&#8221;4.16&#8243; global_colors_info=&#8221;{}&#8221;][et_pb_blurb title=&#8221;Guided tour in Red city  %22Marrakech%22&#8243; url=&#8221;https:\/\/primemoroccotours.com\/Morocco-Tours\/guided-tour-in-marrakech\/&#8221; image=&#8221;https:\/\/primemoroccotours.com\/wp-content\/uploads\/2019\/09\/Souk-Marrakech.jpg&#8221; _builder_version=&#8221;4.16&#8243; header_level=&#8221;h3&#8243; header_font=&#8221;|700||on|||||&#8221; header_text_align=&#8221;center&#8221; header_text_color=&#8221;#ffffff&#8221; background_color=&#8221;#0c71c3&#8243; global_colors_info=&#8221;{}&#8221;][\/et_pb_blurb][et_pb_blurb title=&#8221;Trip to Marrakesh through Asni and the Imlil Valley &#8221; url=&#8221;https:\/\/primemoroccotours.com\/Morocco-Tours\/trip-to-marrakesh-through-asni-and-the-imlil-valley\/&#8221; image=&#8221;https:\/\/primemoroccotours.com\/wp-content\/uploads\/2019\/09\/Imlil-Valley.jpg&#8221; _builder_version=&#8221;4.16&#8243; header_level=&#8221;h3&#8243; header_font=&#8221;|700|||||||&#8221; header_text_align=&#8221;center&#8221; header_text_color=&#8221;#ffffff&#8221; background_color=&#8221;#0c71c3&#8243; global_colors_info=&#8221;{}&#8221;][\/et_pb_blurb][\/et_pb_column][et_pb_column type=&#8221;1_3&#8243; _builder_version=&#8221;4.16&#8243; global_colors_info=&#8221;{}&#8221;][et_pb_blurb title=&#8221;1 day trip from marrakech to ESSAOUIRA &#8221; url=&#8221;https:\/\/primemoroccotours.com\/Morocco-Tours\/essaouira-tour\/&#8221; image=&#8221;https:\/\/primemoroccotours.com\/wp-content\/uploads\/2019\/09\/essaouira.jpg&#8221; _builder_version=&#8221;4.16&#8243; header_level=&#8221;h3&#8243; header_font=&#8221;|700||on|||||&#8221; header_text_align=&#8221;center&#8221; header_text_color=&#8221;#ffffff&#8221; background_color=&#8221;#0c71c3&#8243; global_colors_info=&#8221;{}&#8221;][\/et_pb_blurb][et_pb_blurb title=&#8221;TOUR TO THE GREAT ATLAS ,AITBENHADDOU AND OUARZAZATE &#8221; url=&#8221;https:\/\/primemoroccotours.com\/Morocco-Tours\/tour-to-the-great-atlas-aitbenhaddou-and-ouarzazate\/&#8221; image=&#8221;https:\/\/primemoroccotours.com\/wp-content\/uploads\/2019\/12\/atlas-morocco-Ait-ben-Haddou.jpg&#8221; _builder_version=&#8221;4.16&#8243; header_level=&#8221;h3&#8243; header_font=&#8221;|700||on|||||&#8221; header_text_align=&#8221;center&#8221; header_text_color=&#8221;#ffffff&#8221; background_color=&#8221;#0c71c3&#8243; global_colors_info=&#8221;{}&#8221;][\/et_pb_blurb][\/et_pb_column][\/et_pb_row][et_pb_row _builder_version=&#8221;4.16&#8243; global_colors_info=&#8221;{}&#8221;][et_pb_column type=&#8221;4_4&#8243; _builder_version=&#8221;4.16&#8243; global_colors_info=&#8221;{}&#8221;][et_pb_text _builder_version=&#8221;4.23.1&#8243; background_color=&#8221;#ededed&#8221; custom_padding=&#8221;10px|10px|10px|10px|false|false&#8221; hover_enabled=&#8221;0&#8243; locked=&#8221;off&#8221; global_colors_info=&#8221;{}&#8221; header_3_font=&#8221;|||on|||||&#8221; sticky_enabled=&#8221;0&#8243;]<h3 style=\"text-align: left;\"><span style=\"color: #e09900;\"><strong>Marrakech itinerario de viaje de un d\u00eda<\/strong><\/span><\/h3>\n<p style=\"text-align: justify;\">Excursiones de un d\u00eda a Marrakech son excursiones que visitan lugares interesantes cerca de la Ciudad Roja. Marrakech est\u00e1 situada en un muy buen punto geogr\u00e1fico que permite a sus visitantes disfrutar de muchos lugares maravillosos, mientras que todav\u00eda est\u00e1n reservando en un hotel all\u00ed. Estas excursiones de un d\u00eda suelen comenzar temprano por la ma\u00f1ana saliendo de Marrakech, y terminan antes de que oscurezca. Las excursiones de un d\u00eda son una muy buena oportunidad para descubrir los paisajes naturales de Marruecos sin viajar por largos per\u00edodos.<\/p>\n<p style=\"text-align: justify;\">Las excursiones de un d\u00eda desde Marrakech suelen visitar Essaouira, que es una ciudad costera con una historia antigua. A lo largo de la historia, este maravilloso lugar ha atra\u00eddo a muchas civilizaciones y culturas; los edificios y los hallazgos arqueol\u00f3gicos est\u00e1n all\u00ed para demostrar cu\u00e1n rico es este lugar. Es tambi\u00e9n una ciudad muy art\u00edstica; m\u00fasicos, pintores y artesanos tradicionales consideran a Essaouira como tierra santa. Essaouira es tambi\u00e9n una parada muy famosa para los surfistas.<\/p>\n<p style=\"text-align: justify;\">Algunas excursiones de un d\u00eda visitan las cascadas cercanas como Ouzoud y Ourika. Las excursiones a las cascadas son una gran oportunidad para descubrir la belleza oculta de los paisajes naturales marroqu\u00edes y la biodiversidad; Ouzoud cascadas son el hogar de monos macacos.<\/p>\n<p style=\"text-align: justify;\">Otros viajes de un d\u00eda visitan el Hollywood de Marruecos, que es Ouarzazate y Ait Ben Haddo combinados. Los dos lugares son muy populares en la cultura cinematogr\u00e1fica; puedes ver estos dos spots en pel\u00edculas como Gladiator, Kingdom Of Heaven y Lawrence of Arabia, incluso la muy famosa serie Game of Thrones tiene algunas escenas en estos estudios. La zona es muy famosa por su maravillosa arquitectura antigua que se puede ver en el Kasbah y Ksours.<\/p>\n<p style=\"text-align: justify;\">Tambi\u00e9n hay excursiones de un d\u00eda a Marrakech que visitan la zona del alto Atlas, donde se encuentra el pico m\u00e1s alto del norte de \u00c1frica; se llama Monte Toubkal. Los viajes de un d\u00eda suelen visitar la aldea de Imlil, que es una aldea del valle. La regi\u00f3n es muy tranquila y apacible, lo que la convierte en la mejor parada para las personas que est\u00e1n cansadas del ajetreado estilo de vida de la Ciudad Roja. Esta excursi\u00f3n es una gran oportunidad para probar la cocina tradicional marroqu\u00ed.<\/p>\n<p style=\"text-align: justify;\">Para m\u00e1s viajes personalizados y m\u00e1s informaci\u00f3n, puede contactar con \"Prime Morocco Tours\", nuestro equipo siempre est\u00e1 dispuesto a ayudar.<\/p>\n<p style=\"text-align: justify;\">M\u00e1s detalles a continuaci\u00f3n.<\/p>\n<h3 style=\"text-align: left;\"><span style=\"color: #e09900;\"><strong>Los puntos destacados de Marrakech<\/strong><\/span><\/h3>\n<p><span style=\"color: #e02b20;\"><strong><\/strong><\/span><\/p>\n<p>-La visita a Essaouira, donde descubriremos mucho sobre historia, cultura y artes marroqu\u00edes, junto con un tiempo de diversi\u00f3n en la playa de Essaouira.<\/p>\n<p>-La visita a la cascada m\u00e1s maravillosa de Marruecos, donde viven monos y otros animales salvajes.<\/p>\n<p>-La visita al pico m\u00e1s alto del norte de \u00c1frica, el monte Toubkal.<\/p>\n<p>-La visita a los estudios m\u00e1s grandes del mundo: Ouarzazate y Ait Ben Haddo.<\/p>\n<p>-La exploraci\u00f3n de los fascinantes paisajes naturales marroqu\u00edes.<\/p>\n<p><strong><\/strong><\/p>[\/et_pb_text][\/et_pb_column][\/et_pb_row][\/et_pb_section]","protected":false},"excerpt":{"rendered":"<p>One day tours that start from Marrakech to nearby places, like Ouzoud Waterfalls, Chefchouen Volubilis, Ait Ben Haddou, Ouarzazate and much more. Feel free to contact us any time about any tour you like or if you have any questions or requests.What are Marrakech day trips? Marrakech day trips are excursions that visit interesting places [&hellip;]<\/p>","protected":false},"author":1,"featured_media":0,"parent":0,"menu_order":0,"comment_status":"closed","ping_status":"closed","template":"","meta":{"_et_pb_use_builder":"on","_et_pb_old_content":"","_et_gb_content_width":"","_joinchat":[],"footnotes":""},"class_list":["post-815","page","type-page","status-publish","hentry"],"_links":{"self":[{"href":"https:\/\/primemoroccotours.com\/es\/wp-json\/wp\/v2\/pages\/815","targetHints":{"allow":["GET"]}}],"collection":[{"href":"https:\/\/primemoroccotours.com\/es\/wp-json\/wp\/v2\/pages"}],"about":[{"href":"https:\/\/primemoroccotours.com\/es\/wp-json\/wp\/v2\/types\/page"}],"author":[{"embeddable":true,"href":"https:\/\/primemoroccotours.com\/es\/wp-json\/wp\/v2\/users\/1"}],"replies":[{"embeddable":true,"href":"https:\/\/primemoroccotours.com\/es\/wp-json\/wp\/v2\/comments?post=815"}],"version-history":[{"count":6,"href":"https:\/\/primemoroccotours.com\/es\/wp-json\/wp\/v2\/pages\/815\/revisions"}],"predecessor-version":[{"id":27299,"href":"https:\/\/primemoroccotours.com\/es\/wp-json\/wp\/v2\/pages\/815\/revisions\/27299"}],"wp:attachment":[{"href":"https:\/\/primemoroccotours.com\/es\/wp-json\/wp\/v2\/media?parent=815"}],"curies":[{"name":"wp","href":"https:\/\/api.w.org\/{rel}","templated":true}]}}