{"id":769,"date":"2020-02-22T11:40:19","date_gmt":"2020-02-22T11:40:19","guid":{"rendered":"https:\/\/primemoroccotours.com\/?page_id=769"},"modified":"2025-09-01T09:57:23","modified_gmt":"2025-09-01T09:57:23","slug":"camel-trekking-2","status":"publish","type":"page","link":"https:\/\/primemoroccotours.com\/es\/camel-trekking-2\/","title":{"rendered":"Trekking en camello"},"content":{"rendered":"[et_pb_section fb_built=&#8221;1&#8243; fullwidth=&#8221;on&#8221; _builder_version=&#8221;4.16&#8243; global_colors_info=&#8221;{}&#8221;][et_pb_fullwidth_header title=&#8221;Camel Trekking&#8221; _builder_version=&#8221;4.16&#8243; title_font=&#8221;|800||on|||||&#8221; background_color=&#8221;rgba(126,190,197,0)&#8221; use_background_color_gradient=&#8221;on&#8221; background_color_gradient_stops=&#8221;rgba(12,113,195,0.58) 0%|rgba(49,114,234,0.31) 100%&#8221; background_color_gradient_overlays_image=&#8221;on&#8221; background_color_gradient_start=&#8221;rgba(12,113,195,0.58)&#8221; background_color_gradient_end=&#8221;rgba(49,114,234,0.31)&#8221; background_image=&#8221;https:\/\/primemoroccotours.com\/wp-content\/uploads\/2019\/12\/jeremy-cai-euuaAce3I-o-unsplash.jpg&#8221; custom_padding=&#8221;150px||150px||true|false&#8221; global_colors_info=&#8221;{}&#8221;][\/et_pb_fullwidth_header][\/et_pb_section][et_pb_section fb_built=&#8221;1&#8243; _builder_version=&#8221;4.16&#8243; custom_padding=&#8221;||4px|||&#8221; global_colors_info=&#8221;{}&#8221;][et_pb_row _builder_version=&#8221;4.16&#8243; global_colors_info=&#8221;{}&#8221;][et_pb_column type=&#8221;4_4&#8243; _builder_version=&#8221;4.16&#8243; global_colors_info=&#8221;{}&#8221;][et_pb_text _builder_version=&#8221;4.23.1&#8243; _module_preset=&#8221;default&#8221; header_2_font=&#8221;|||on|||||&#8221; header_2_text_color=&#8221;#E09900&#8243; header_2_font_size=&#8221;30px&#8221; header_2_text_align=&#8221;center&#8221; hover_enabled=&#8221;0&#8243; sticky_enabled=&#8221;0&#8243;]<h2>Marruecos Camel Trekking<\/h2>[\/et_pb_text][et_pb_text _builder_version=&#8221;4.16&#8243; global_colors_info=&#8221;{}&#8221;]<p style=\"text-align: justify;\"><span style=\"font-size: large;\">Los marroqu\u00edes est\u00e1n casi tratando de servir a los visitantes tambi\u00e9n. As\u00ed que les inspiran por montar en camello como una de las cosas maravillosas. En cualquier lugar que vayas a Marruecos, encontrar\u00e1s camellos. Pero el verdadero lugar para encontrar camellos es el desierto del Sahara. Entonces si quieres vivir mejor aventura con camello, deber\u00edas viajar al desierto como su entorno. En este hermoso Sahara, usted tiene una oportunidad y la oportunidad seria para ver vistas panor\u00e1micas; como Oasis de palmeras, n\u00f3madas, subiendo altas dunas por camello para ver un maravilloso reflejo de la salida del sol y puesta del sol, entrando en el Sahara para pasar una noche de ambiente con m\u00fasica tradicional, lugar seguro, viendo estrellas incre\u00edbles en la noche. En camello se llevar\u00e1 todo el equipo necesario y los materiales necesarios. Brevemente, el camello toma como s\u00edmbolo de la pasi\u00f3n, por lo que no puede beber agua durante 40 d\u00edas como m\u00e1ximo. Y tambi\u00e9n era la Caravana que cruzaba el Desierto de ciudad en ciudad.<\/span><\/p>[\/et_pb_text][\/et_pb_column][\/et_pb_row][\/et_pb_section][et_pb_section fb_built=&#8221;1&#8243; _builder_version=&#8221;4.16&#8243; background_color=&#8221;#f2f2f2&#8243; custom_padding=&#8221;33px|||||&#8221; global_colors_info=&#8221;{}&#8221;][et_pb_row column_structure=&#8221;3_5,2_5&#8243; _builder_version=&#8221;4.16&#8243; background_color=&#8221;#ffffff&#8221; custom_padding=&#8221;10px|10px|10px|10px|false|false&#8221; global_colors_info=&#8221;{}&#8221;][et_pb_column type=&#8221;3_5&#8243; _builder_version=&#8221;4.16&#8243; global_colors_info=&#8221;{}&#8221;][et_pb_text _builder_version=&#8221;4.23.1&#8243; hover_enabled=&#8221;0&#8243; global_colors_info=&#8221;{}&#8221; sticky_enabled=&#8221;0&#8243;]<h2 class=\"et_pb_module_header et-fb-editable-element et-fb-editable-element et-fb-editable-element__editing\" data-shortcode-id=\"1.1.0.0-1582795838783\" data-quickaccess-id=\"header\" style=\"text-align: justify;\" contenteditable=\"true\"><strong>Montar en camello y una noche en el desierto<\/strong><\/h2>\n<p style=\"text-align: justify;\">El destino m\u00e1s hermoso, le aconsejo que visite es el Sahara, y especialmente pasar una noche en un campamento. La aventura del viaje por el desierto siempre comienza en la tarde. Organizaremos el paseo en camello para cruzar las dunas de arena y viajar a un campamento como nuestro destino para pasar una noche inolvidable.<\/p>\n<p style=\"text-align: justify;\">Por supuesto, el camello ser\u00e1 nuestro veh\u00edculo y se llevar\u00e1 la comida, mantas, y todo lo que necesitemos. En el camino hacia el campamento, aprovecharemos esta oportunidad para tomar fotos de nuestros seres queridos.<\/p>\n<p style=\"text-align: justify;\">Cuando llegamos al campamento, subiremos las dunas para ver vistas panor\u00e1micas del atardecer y el amanecer por la ma\u00f1ana. Adem\u00e1s, tendremos una noche divertida con m\u00fasica y cena. Por \u00faltimo, en la ma\u00f1ana despu\u00e9s de echar un vistazo al amanecer, volveremos al hotel para tomar un delicioso desayuno.<\/p>[\/et_pb_text][\/et_pb_column][et_pb_column type=&#8221;2_5&#8243; _builder_version=&#8221;4.16&#8243; global_colors_info=&#8221;{}&#8221;][et_pb_image src=&#8221;https:\/\/primemoroccotours.com\/wp-content\/uploads\/2020\/02\/camel-trek.jpg&#8221; _builder_version=&#8221;4.16&#8243; custom_padding=&#8221;19px|||||&#8221; global_colors_info=&#8221;{}&#8221;][\/et_pb_image][\/et_pb_column][\/et_pb_row][et_pb_row column_structure=&#8221;3_5,2_5&#8243; _builder_version=&#8221;4.16&#8243; background_color=&#8221;#ffffff&#8221; custom_margin=&#8221;10px||||false|false&#8221; custom_padding=&#8221;10px|10px|10px|10px|false|false&#8221; global_colors_info=&#8221;{}&#8221;][et_pb_column type=&#8221;3_5&#8243; _builder_version=&#8221;4.16&#8243; global_colors_info=&#8221;{}&#8221;][et_pb_text _builder_version=&#8221;4.23.1&#8243; hover_enabled=&#8221;0&#8243; global_colors_info=&#8221;{}&#8221; sticky_enabled=&#8221;0&#8243;]<h2 class=\"et_pb_module_header et-fb-editable-element et-fb-editable-element__editing\" data-shortcode-id=\"1.1.1.0-1582795850428\" data-quickaccess-id=\"header\" contenteditable=\"true\"><strong>Camellos con dos noches en el desierto del Sahara<\/strong><\/h2>\n<p style=\"text-align: justify;\">En el desierto, usted va a pasar unos momentos maravillosos en su vida porque es silencio y tiene ambiente m\u00e1gico. En esta ocasi\u00f3n, respira libremente y escapa de tu rutina diaria y habla con tu gu\u00eda para que te explique la verdad de cada s\u00edmbolo de esta nueva cultura con la que est\u00e1s.<\/p>\n<p style=\"text-align: justify;\">El viaje de desierto siempre comienza en la tarde. paseo en camello desde el hotel para cruzar las dunas de arena hasta el campamento en medio del Sahara. Se tarda alrededor de una hora y media.<\/p>\n<p style=\"text-align: justify;\">Cuando lleguemos al campamento, subiremos a las dunas para contemplar la fabulosa vista del atardecer y tomar fotos para memorizar este gran momento. En este campamento equipado, tendremos momentos de ambiente con cantantes bereberes. De hecho, es una gran oportunidad para conocer m\u00e1s sobre la cultura bereber. Tambi\u00e9n aprovecharemos esta oportunidad para mostrarle las maravillosas vistas de las estrellas. Y finalmente, cenaremos e iremos a dormir.<\/p>\n<p style=\"text-align: justify;\">Al d\u00eda siguiente, temprano por la ma\u00f1ana, volveremos a subir las dunas para ver el amanecer despu\u00e9s de que vamos a tener un desayuno tradicional. Con ello, viajaremos en camello para visitar a los n\u00f3madas y por supuesto almorzamos con ellos. Despu\u00e9s de eso volveremos al campamento para tomar un breve descanso antes de ir a divertirse en las dunas y tambi\u00e9n visitar el Oasis. Por la tarde, volveremos para pasar otra noche maravillosa en el campamento. Cuando es de ma\u00f1ana, viajaremos de regreso a Merzouga al hotel reservado para desayunar.<\/p>[\/et_pb_text][\/et_pb_column][et_pb_column type=&#8221;2_5&#8243; _builder_version=&#8221;4.16&#8243; global_colors_info=&#8221;{}&#8221;][et_pb_image src=&#8221;https:\/\/primemoroccotours.com\/wp-content\/uploads\/2020\/02\/desert-night.jpg&#8221; _builder_version=&#8221;4.16&#8243; custom_padding=&#8221;19px|||||&#8221; global_colors_info=&#8221;{}&#8221;][\/et_pb_image][\/et_pb_column][\/et_pb_row][et_pb_row column_structure=&#8221;3_5,2_5&#8243; _builder_version=&#8221;4.16&#8243; background_color=&#8221;#ffffff&#8221; custom_margin=&#8221;10px||||false|false&#8221; custom_padding=&#8221;10px|10px|10px|10px|false|false&#8221; global_colors_info=&#8221;{}&#8221;][et_pb_column type=&#8221;3_5&#8243; _builder_version=&#8221;4.16&#8243; global_colors_info=&#8221;{}&#8221;][et_pb_text _builder_version=&#8221;4.16&#8243; global_colors_info=&#8221;{}&#8221;]<p style=\"text-align: justify;\">En este momento su buena decisi\u00f3n le lleva a vivir una oportunidad que ser\u00e1 cambiar su mente positivamente porque despu\u00e9s de su rutina diaria y el estr\u00e9s del trabajo con tambi\u00e9n problemas de la vida, va a escapar de todos y pasar tres noches con gente nueva y cultura diferente.<\/p>\n<p style=\"text-align: justify;\">La aventura te llevar\u00e1 al desierto del Sahara en la tarde del primer d\u00eda. Luego montar\u00e1 camello despu\u00e9s de que empacemos nuestro equipaje necesario en camellos e iremos a pasar una noche en campamento equipado. En serio, sabemos que tienes tres noches, as\u00ed que despu\u00e9s de un d\u00eda de viaje, disfrutaremos de un poco de tiempo en el campamento y tomando nuestra cena, e ir a dormir. Temprano en la ma\u00f1ana, nos despertaremos y escalaremos las dunas para ver una vista panor\u00e1mica del amanecer, luego regresaremos a tomar nuestro delicioso y primer desayuno en el desierto. Estar listos para viajar en camello a nuestro segundo destino que es Tamarisk, ser\u00e1 de dos horas de tiempo. En este lugar incre\u00edble, vamos a almorzar y pasar un rato divertido con la familia Nomad donde pasar\u00e1s la segunda noche.<\/p>\n<p style=\"text-align: justify;\">Al d\u00eda siguiente, despu\u00e9s de nuestro desayuno con los N\u00f3madas, caminaremos a uno de los oasis m\u00e1s cercanos en medio del desierto. En el camino, nos detendremos para tomar fotos y vivir nuestro viaje con almuerzo tambi\u00e9n. Y finalmente, es su \u00faltima noche en el desierto. Pero esta vez lo pasaremos con la familia n\u00f3mada bereber en el Oasis. Durante la cena, nos divertiremos con m\u00fasica de tambores bajo un cielo lleno de estrellas. Finalmente, por la ma\u00f1ana viajaremos a Merzouga o donde reservamos hotel, pero antes tendremos un desayuno tradicional y delicioso.<\/p>[\/et_pb_text][\/et_pb_column][et_pb_column type=&#8221;2_5&#8243; _builder_version=&#8221;4.16&#8243; global_colors_info=&#8221;{}&#8221;][et_pb_image src=&#8221;https:\/\/primemoroccotours.com\/wp-content\/uploads\/2020\/02\/desert-camel-trekking.jpg&#8221; _builder_version=&#8221;4.16&#8243; custom_padding=&#8221;19px|||||&#8221; global_colors_info=&#8221;{}&#8221;][\/et_pb_image][\/et_pb_column][\/et_pb_row][\/et_pb_section]","protected":false},"excerpt":{"rendered":"<p>Morocco Camel TrekkingMoroccans are almost trying hard to serve visitors as well. So they inspire them by riding camel as one the wonderful things. Anywhere you go in Morocco, you will find camel. But the true place to find camel in is Sahara desert. Then if you want to live better adventure with camel, you [&hellip;]<\/p>","protected":false},"author":1,"featured_media":0,"parent":0,"menu_order":0,"comment_status":"closed","ping_status":"closed","template":"","meta":{"_et_pb_use_builder":"on","_et_pb_old_content":"","_et_gb_content_width":"","_joinchat":[],"footnotes":""},"class_list":["post-769","page","type-page","status-publish","hentry"],"_links":{"self":[{"href":"https:\/\/primemoroccotours.com\/es\/wp-json\/wp\/v2\/pages\/769","targetHints":{"allow":["GET"]}}],"collection":[{"href":"https:\/\/primemoroccotours.com\/es\/wp-json\/wp\/v2\/pages"}],"about":[{"href":"https:\/\/primemoroccotours.com\/es\/wp-json\/wp\/v2\/types\/page"}],"author":[{"embeddable":true,"href":"https:\/\/primemoroccotours.com\/es\/wp-json\/wp\/v2\/users\/1"}],"replies":[{"embeddable":true,"href":"https:\/\/primemoroccotours.com\/es\/wp-json\/wp\/v2\/comments?post=769"}],"version-history":[{"count":11,"href":"https:\/\/primemoroccotours.com\/es\/wp-json\/wp\/v2\/pages\/769\/revisions"}],"predecessor-version":[{"id":27293,"href":"https:\/\/primemoroccotours.com\/es\/wp-json\/wp\/v2\/pages\/769\/revisions\/27293"}],"wp:attachment":[{"href":"https:\/\/primemoroccotours.com\/es\/wp-json\/wp\/v2\/media?parent=769"}],"curies":[{"name":"wp","href":"https:\/\/api.w.org\/{rel}","templated":true}]}}