{"id":47,"date":"2019-09-09T22:04:22","date_gmt":"2019-09-09T22:04:22","guid":{"rendered":"http:\/\/primemoroccotours.com\/?page_id=47"},"modified":"2025-09-01T11:15:01","modified_gmt":"2025-09-01T11:15:01","slug":"prime-morocco-tours-day-trips","status":"publish","type":"page","link":"https:\/\/primemoroccotours.com\/es\/prime-morocco-tours-day-trips\/","title":{"rendered":"Prime Morocco Tours Day Trips"},"content":{"rendered":"<p>[et_pb_section fb_built=&#8221;1&#8243; fullwidth=&#8221;on&#8221; _builder_version=&#8221;4.16&#8243; global_colors_info=&#8221;{}&#8221;][et_pb_fullwidth_header title=&#8221;One day trips From Marrakech and Fes&#8221; _builder_version=&#8221;4.16&#8243; title_font=&#8221;|800||on|||||&#8221; background_color=&#8221;rgba(126,190,197,0)&#8221; use_background_color_gradient=&#8221;on&#8221; background_color_gradient_stops=&#8221;rgba(12,113,195,0.58) 0%|rgba(49,114,234,0.31) 100%&#8221; background_color_gradient_overlays_image=&#8221;on&#8221; background_color_gradient_start=&#8221;rgba(12,113,195,0.58)&#8221; background_color_gradient_end=&#8221;rgba(49,114,234,0.31)&#8221; background_image=&#8221;https:\/\/primemoroccotours.com\/wp-content\/uploads\/2019\/10\/Essaouira-bg.jpg&#8221; custom_padding=&#8221;150px||150px||true|false&#8221; global_colors_info=&#8221;{}&#8221;]<\/p>\n<p>Tours de un d\u00eda que comienzan desde Marrakech o Fes a lugares cercanos, como Ouzoud Waterfalls, Chefchouen Volubilis, Ait Ben Haddou, Ouarzazate y mucho m\u00e1s.<\/p>\n<p>Si\u00e9ntase libre de contactarnos en cualquier momento sobre cualquier tour que desee o si tiene alguna pregunta o solicitud.<\/p>\n<p>[\/et_pb_fullwidth_header][\/et_pb_section][et_pb_section fb_built=&#8221;1&#8243; _builder_version=&#8221;4.16&#8243; background_color=&#8221;#efefef&#8221; global_colors_info=&#8221;{}&#8221;][et_pb_row _builder_version=&#8221;4.16&#8243; global_colors_info=&#8221;{}&#8221;][et_pb_column type=&#8221;4_4&#8243; _builder_version=&#8221;4.16&#8243; global_colors_info=&#8221;{}&#8221;][et_pb_blurb title=&#8221;Scroll down to browse our day trips&#8221; image=&#8221;https:\/\/primemoroccotours.com\/wp-content\/uploads\/2020\/02\/scrolling.png&#8221; icon_placement=&#8221;left&#8221; _builder_version=&#8221;4.16&#8243; header_level=&#8221;h2&#8243; header_text_color=&#8221;#e14f7d&#8221; locked=&#8221;off&#8221; global_colors_info=&#8221;{}&#8221;]<\/p>\n<p>A continuaci\u00f3n se ofrece informaci\u00f3n general sobre los viajes y servicios que tendr\u00e1 con nosotros. Para leer el itinerario completo de cada viaje, despl\u00e1cese hacia abajo para encontrar nuestro cat\u00e1logo de excursiones.<\/p>\n<p>[\/et_pb_blurb][et_pb_portfolio fullwidth=&#8221;off&#8221; posts_number=&#8221;20&#8243; include_categories=&#8221;7,521&#8243; show_categories=&#8221;off&#8221; _builder_version=&#8221;4.27.4&#8243; hover_enabled=&#8221;0&#8243; global_colors_info=&#8221;{}&#8221; sticky_enabled=&#8221;0&#8243;][\/et_pb_portfolio][\/et_pb_column][\/et_pb_row][et_pb_row column_structure=&#8221;1_3,1_3,1_3&#8243; _builder_version=&#8221;4.16&#8243; locked=&#8221;off&#8221; global_colors_info=&#8221;{}&#8221;][et_pb_column type=&#8221;1_3&#8243; _builder_version=&#8221;4.16&#8243; background_color=&#8221;#ffffff&#8221; custom_padding=&#8221;20px|8px|20px|8px|true|true&#8221; global_colors_info=&#8221;{}&#8221;][et_pb_blurb title=&#8221;Prime Morocco tours Services&#8221; use_icon=&#8221;on&#8221; font_icon=&#8221;&#xe0dd;||divi||400&#8243; icon_color=&#8221;#0C71C3&#8243; icon_placement=&#8221;left&#8221; _builder_version=&#8221;4.16&#8243; header_level=&#8221;h1&#8243; header_font=&#8221;|800|||||||&#8221; header_text_color=&#8221;#0c71c3&#8243; global_colors_info=&#8221;{}&#8221;][\/et_pb_blurb][et_pb_blurb title=&#8221;NO BOOKING OR CREDIT CARD FEES&#8221; use_icon=&#8221;on&#8221; font_icon=&#8221;&#x4e;||divi||400&#8243; icon_color=&#8221;#0C71C3&#8243; icon_placement=&#8221;left&#8221; _builder_version=&#8221;4.16&#8243; header_level=&#8221;h3&#8243; header_font=&#8221;|300|||||||&#8221; header_text_color=&#8221;#0c71c3&#8243; global_colors_info=&#8221;{}&#8221;][\/et_pb_blurb][et_pb_blurb title=&#8221;BEST PRICE GUARANTEE&#8221; use_icon=&#8221;on&#8221; font_icon=&#8221;&#x4e;||divi||400&#8243; icon_color=&#8221;#0C71C3&#8243; icon_placement=&#8221;left&#8221; _builder_version=&#8221;4.16&#8243; header_level=&#8221;h3&#8243; header_font=&#8221;|300|||||||&#8221; header_text_color=&#8221;#0c71c3&#8243; global_colors_info=&#8221;{}&#8221;][\/et_pb_blurb][et_pb_blurb title=&#8221;Quality services&#8221; use_icon=&#8221;on&#8221; font_icon=&#8221;&#x4e;||divi||400&#8243; icon_color=&#8221;#0C71C3&#8243; icon_placement=&#8221;left&#8221; _builder_version=&#8221;4.16&#8243; header_level=&#8221;h3&#8243; header_font=&#8221;|300|||||||&#8221; header_text_color=&#8221;#0c71c3&#8243; global_colors_info=&#8221;{}&#8221;][\/et_pb_blurb][\/et_pb_column][et_pb_column type=&#8221;1_3&#8243; _builder_version=&#8221;4.16&#8243; background_color=&#8221;#ffffff&#8221; custom_padding=&#8221;20px|8px|20px|8px|true|true&#8221; global_colors_info=&#8221;{}&#8221;][et_pb_blurb title=&#8221;This Tour Includes&#8221; use_icon=&#8221;on&#8221; font_icon=&#8221;&#x43;||divi||400&#8243; icon_color=&#8221;#0C71C3&#8243; icon_placement=&#8221;left&#8221; _builder_version=&#8221;4.16&#8243; header_level=&#8221;h1&#8243; header_font=&#8221;|800|||||||&#8221; header_text_color=&#8221;#0c71c3&#8243; global_colors_info=&#8221;{}&#8221;][\/et_pb_blurb][et_pb_blurb title=&#8221; Pick up And Drop off your accommodation.&#8221; use_icon=&#8221;on&#8221; font_icon=&#8221;&#x4e;||divi||400&#8243; icon_color=&#8221;#0C71C3&#8243; icon_placement=&#8221;left&#8221; _builder_version=&#8221;4.16&#8243; header_level=&#8221;h3&#8243; header_font=&#8221;|300|||||||&#8221; header_text_color=&#8221;#0c71c3&#8243; custom_margin=&#8221;||5px||false|false&#8221; global_colors_info=&#8221;{}&#8221;][\/et_pb_blurb][et_pb_blurb title=&#8221; Private tour in a comfortable vehicle .&#8221; use_icon=&#8221;on&#8221; font_icon=&#8221;&#x4e;||divi||400&#8243; icon_color=&#8221;#0C71C3&#8243; icon_placement=&#8221;left&#8221; _builder_version=&#8221;4.16&#8243; header_level=&#8221;h3&#8243; header_font=&#8221;|300|||||||&#8221; header_text_color=&#8221;#0c71c3&#8243; custom_margin=&#8221;||5px||false|false&#8221; global_colors_info=&#8221;{}&#8221;][\/et_pb_blurb][et_pb_blurb title=&#8221; Private tour in a comfortable car.&#8221; use_icon=&#8221;on&#8221; font_icon=&#8221;&#x4e;||divi||400&#8243; icon_color=&#8221;#0C71C3&#8243; icon_placement=&#8221;left&#8221; _builder_version=&#8221;4.16&#8243; header_level=&#8221;h3&#8243; header_font=&#8221;|300|||||||&#8221; header_text_color=&#8221;#0c71c3&#8243; custom_margin=&#8221;||5px||false|false&#8221; global_colors_info=&#8221;{}&#8221;][\/et_pb_blurb][et_pb_blurb title=&#8221; Professional English\/ Spanish driver,guide.&#8221; use_icon=&#8221;on&#8221; font_icon=&#8221;&#x4e;||divi||400&#8243; icon_color=&#8221;#0C71C3&#8243; icon_placement=&#8221;left&#8221; _builder_version=&#8221;4.16&#8243; header_level=&#8221;h3&#8243; header_font=&#8221;|300|||||||&#8221; header_text_color=&#8221;#0c71c3&#8243; custom_margin=&#8221;||5px||false|false&#8221; global_colors_info=&#8221;{}&#8221;][\/et_pb_blurb][et_pb_blurb title=&#8221; Accommodation in desert camp (Desert Tours)&#8221; use_icon=&#8221;on&#8221; font_icon=&#8221;&#x4e;||divi||400&#8243; icon_color=&#8221;#0C71C3&#8243; icon_placement=&#8221;left&#8221; _builder_version=&#8221;4.16&#8243; header_level=&#8221;h3&#8243; header_font=&#8221;|300|||||||&#8221; header_text_color=&#8221;#0c71c3&#8243; custom_margin=&#8221;||5px||false|false&#8221; global_colors_info=&#8221;{}&#8221;][\/et_pb_blurb][et_pb_blurb title=&#8221; Camel trek in Sahara (Desert Tours).&#8221; use_icon=&#8221;on&#8221; font_icon=&#8221;&#x4e;||divi||400&#8243; icon_color=&#8221;#0C71C3&#8243; icon_placement=&#8221;left&#8221; _builder_version=&#8221;4.16&#8243; header_level=&#8221;h3&#8243; header_font=&#8221;|300|||||||&#8221; header_text_color=&#8221;#0c71c3&#8243; custom_margin=&#8221;||5px||false|false&#8221; global_colors_info=&#8221;{}&#8221;][\/et_pb_blurb][et_pb_blurb title=&#8221; Breakfast and dinner.&#8221; use_icon=&#8221;on&#8221; font_icon=&#8221;&#x4e;||divi||400&#8243; icon_color=&#8221;#0C71C3&#8243; icon_placement=&#8221;left&#8221; _builder_version=&#8221;4.16&#8243; header_level=&#8221;h3&#8243; header_font=&#8221;|300|||||||&#8221; header_text_color=&#8221;#0c71c3&#8243; global_colors_info=&#8221;{}&#8221;][\/et_pb_blurb][\/et_pb_column][et_pb_column type=&#8221;1_3&#8243; _builder_version=&#8221;4.16&#8243; background_color=&#8221;#ffffff&#8221; custom_padding=&#8221;20px|8px|20px|8px|true|true&#8221; global_colors_info=&#8221;{}&#8221;][et_pb_blurb title=&#8221;This Tour Dont Includes&#8221; use_icon=&#8221;on&#8221; font_icon=&#8221;&#x43;||divi||400&#8243; icon_color=&#8221;#0C71C3&#8243; icon_placement=&#8221;left&#8221; _builder_version=&#8221;4.16&#8243; header_level=&#8221;h1&#8243; header_font=&#8221;|800|||||||&#8221; header_text_color=&#8221;#0c71c3&#8243; global_colors_info=&#8221;{}&#8221;][\/et_pb_blurb][et_pb_blurb title=&#8221; Lunches.&#8221; use_icon=&#8221;on&#8221; font_icon=&#8221;&#x4e;||divi||400&#8243; icon_color=&#8221;#0C71C3&#8243; icon_placement=&#8221;left&#8221; _builder_version=&#8221;4.16&#8243; header_level=&#8221;h3&#8243; header_font=&#8221;|300|||||||&#8221; header_text_color=&#8221;#0c71c3&#8243; custom_margin=&#8221;||0px||false|false&#8221; global_colors_info=&#8221;{}&#8221;][\/et_pb_blurb][et_pb_blurb title=&#8221; Drinks.&#8221; use_icon=&#8221;on&#8221; font_icon=&#8221;&#x4e;||divi||400&#8243; icon_color=&#8221;#0C71C3&#8243; icon_placement=&#8221;left&#8221; _builder_version=&#8221;4.16&#8243; header_level=&#8221;h3&#8243; header_font=&#8221;|300|||||||&#8221; header_text_color=&#8221;#0c71c3&#8243; custom_margin=&#8221;||0px||false|false&#8221; global_colors_info=&#8221;{}&#8221;][\/et_pb_blurb][et_pb_blurb title=&#8221; Tips.&#8221; use_icon=&#8221;on&#8221; font_icon=&#8221;&#x4e;||divi||400&#8243; icon_color=&#8221;#0C71C3&#8243; icon_placement=&#8221;left&#8221; _builder_version=&#8221;4.16&#8243; header_level=&#8221;h3&#8243; header_font=&#8221;|300|||||||&#8221; header_text_color=&#8221;#0c71c3&#8243; custom_padding=&#8221;||8px||false|false&#8221; border_width_bottom=&#8221;4px&#8221; border_color_bottom=&#8221;#efefef&#8221; global_colors_info=&#8221;{}&#8221;][\/et_pb_blurb][et_pb_button button_url=&#8221;https:\/\/primemoroccotours.com\/book-your-morocco-tour-today\/&#8221; button_text=&#8221;Check availability&#8221; button_alignment=&#8221;center&#8221; _builder_version=&#8221;4.16&#8243; custom_button=&#8221;on&#8221; button_text_color=&#8221;#FFFFFF&#8221; button_bg_color=&#8221;#2980b9&#8243; button_border_width=&#8221;0px&#8221; button_font=&#8221;|300|||||||&#8221; button_icon=&#8221;&#xe023;||divi||400&#8243; global_colors_info=&#8221;{}&#8221;][\/et_pb_button][et_pb_button button_url=&#8221;https:\/\/primemoroccotours.com\/contact-us\/&#8221; button_text=&#8221;Contact us Now!&#8221; button_alignment=&#8221;center&#8221; _builder_version=&#8221;4.16&#8243; custom_button=&#8221;on&#8221; button_text_color=&#8221;#FFFFFF&#8221; button_bg_color=&#8221;#2980b9&#8243; button_border_width=&#8221;0px&#8221; button_font=&#8221;|300|||||||&#8221; button_icon=&#8221;&#xe010;||divi||400&#8243; global_colors_info=&#8221;{}&#8221;][\/et_pb_button][\/et_pb_column][\/et_pb_row][et_pb_row _builder_version=&#8221;4.16&#8243; locked=&#8221;off&#8221; global_colors_info=&#8221;{}&#8221;][et_pb_column type=&#8221;4_4&#8243; _builder_version=&#8221;4.16&#8243; global_colors_info=&#8221;{}&#8221;][et_pb_blurb title=&#8221;frequently asked questions?&#8221; image=&#8221;https:\/\/primemoroccotours.com\/wp-content\/uploads\/2020\/02\/question-mark.png&#8221; icon_placement=&#8221;left&#8221; content_max_width=&#8221;1100px&#8221; _builder_version=&#8221;4.16&#8243; header_level=&#8221;h1&#8243; header_font=&#8221;|700|||||||&#8221; header_text_color=&#8221;#fc3952&#8243; global_colors_info=&#8221;{}&#8221;][\/et_pb_blurb][et_pb_accordion open_toggle_text_color=&#8221;#0c71c3&#8243; _builder_version=&#8221;4.16&#8243; toggle_level=&#8221;h2&#8243; global_colors_info=&#8221;{}&#8221;][et_pb_accordion_item title=&#8221;Why Morocco desert tours?&#8221; open=&#8221;on&#8221; _builder_version=&#8221;4.16&#8243; global_colors_info=&#8221;{}&#8221;]<\/p>\n<p>Morocco is truly the land of diversity! It\u2019s a country with many faces; each face represents a geographical spot with all its unique nature, cultures and lifestyles. Touring Morocco is a very rich experience, which never fails to amaze the visitors, thanks to the very diverse nature of this wonderful country. In \u201cPrime Morocco Tours\u201d we offer tours that allow the visitors to experience this diversity of the Moroccan natural and cultural landscapes. We <a href=\"https:\/\/primemoroccotours.com\/es\/book-your-morocco-tour-today\/\">organizar excursiones<\/a> that visit the imperial cities with all their cool historical monuments and their fancy, modern lifestyles. The tours also visit the Atlas Mountains and the forests in the area, along with many valleys, waterfalls, gorges, lakes and coastal cities with warm beaches. However, the most recommended place to visit, according to us is the Great Sahara Desert; the tours that visit Merzouga and Erg Chebbi dunes are something that everyone who visits Morocco must try. When you&#8217;re in the Moroccan desert you can <a href=\"https:\/\/primemoroccotours.com\/es\/camel-trekking-2\/\">montar en camello<\/a>, que es una experiencia que no muchos pa\u00edses pueden ofrecer. Tambi\u00e9n puedes enterrar tu cuerpo debajo de las arenas para fines m\u00e9dicos como lo hacen los locales. O simplemente disfrutar de los paisajes des\u00e9rticos m\u00e1gicos de las dunas doradas, tal vez incluso combinado con los hermosos colores del atardecer.\u00a0 Hay campamentos en el desierto con tiendas tradicionales y tambi\u00e9n modernas y c\u00f3modas, estos campamentos suelen tener una banda de m\u00fasicos bereberes y un cocinero que puede preparar la cocina tradicional. El desierto es tambi\u00e9n un lugar donde se han organizado muchas fiestas y conciertos.<\/p>\n<p>The Moroccan Sahara Desert is a special experience that you can only have in a country as Morocco, That\u2019s why most of our tours visit the desert.<\/p>\n<p>[\/et_pb_accordion_item][et_pb_accordion_item title=&#8221;Merzouga Desert, Erg Chigaga or the imperial cities?&#8221; _builder_version=&#8221;4.16&#8243; global_colors_info=&#8221;{}&#8221; open=&#8221;off&#8221;]<\/p>\n<ul>\n<li>Desierto de Merzouga.<\/li>\n<\/ul>\n<p>Uno de los mejores lugares para visitar en Marruecos es Merzouga, que es el pueblo cerca de las dunas de Erg Chebbi. El desierto de Merzouga es un lugar donde se pueden experimentar dos estilos de vida; el estilo de vida del desierto con todos sus aspectos naturales como las dunas, los paseos en camello y el maravilloso cielo nocturno, y un estilo de vida confortable en los hoteles de lujo de la ciudad. Es verdaderamente un lugar saludable desierto de Merzouga.<\/p>\n<ul>\n<li>Erg Chigaga.<\/li>\n<\/ul>\n<p>Para las personas que les gusta tener una experiencia de desierto crudo con condiciones m\u00e1s extremas, una buena parada es Erg Chigaga, que se encuentra cerca del pueblo Zagora. Las dunas de Erg Chigaga son, con mucho, las m\u00e1s grandes de Marruecos. Las personas que les gusta desafiar sus l\u00edmites de resistencia podr\u00edan encontrar Erg Chigaga un lugar donde pueden explorar ese viaje interior de la auto-motivaci\u00f3n.<\/p>\n<ul>\n<li>Las Ciudades Imperiales.<\/li>\n<\/ul>\n<p>Las ciudades imperiales de Marruecos son muy ricas y diversas en t\u00e9rminos de historia, cultura y estilos de vida. Ciudades como <a href=\"https:\/\/primemoroccotours.com\/es\/tours-from-fes\/\">Fez<\/a> y <a href=\"https:\/\/primemoroccotours.com\/es\/tours-from-marrakech\/\">Marrakech<\/a> Tienen una historia que se remonta a la Edad Media, en la que muchas culturas han ayudado en el proceso de conformaci\u00f3n de estas enormes \u00e1reas urbanas con sus estilos de vida \u00fanicos. Las ciudades imperiales tienen todas una ciudad vieja (Medina), que tiene un registro muy rico de edificios y arquitecturas del pasado antiguo. Las visitas guiadas por los lugares hist\u00f3ricos de las ciudades imperiales de Marruecos son verdaderamente fascinantes. Por ejemplo, Fez tiene la universidad m\u00e1s antigua del mundo. Puedes aprender mucho sobre la historia mundial en lugares como Marruecos. Las ciudades imperiales de Marruecos son tambi\u00e9n ciudades muy sofisticadas con un estilo de vida muy moderno. Las partes modernas de las ciudades imperiales marroqu\u00edes tienen centros comerciales, restaurantes, hoteles de cinco estrellas, bares, discotecas...<\/p>\n<ul>\n<li>Nuestra recomendaci\u00f3n.<\/li>\n<\/ul>\n<p>Nuestros clientes parecen dar siempre comentarios muy positivos sobre nuestras excursiones por el desierto a Merzouga y Erg Chebbi. Quiz\u00e1s porque los hoteles y las estructuras de este lugar tienen una dedicaci\u00f3n muy aguda para hacer que los turistas se sientan tan c\u00f3modos y felices, especialmente desde el ambiente des\u00e9rtico puede ser duro a veces. Los servicios en este lugar son satisfactorios y de alta calidad. Por eso \"<a href=\"https:\/\/primemoroccotours.com\/es\/\">prime Morocco Tours<\/a>\"  Recomiendo mucho el desierto de Merzouga.<\/p>\n<p>Si necesita m\u00e1s informaci\u00f3n sobre el tema, no dude en <a href=\"https:\/\/primemoroccotours.com\/es\/contact-us\/\">cont\u00e1ctenos.<\/a><\/p>\n<p>[\/et_pb_accordion_item][et_pb_accordion_item title=&#8221;Why book with Prime Morocco Tours?&#8221; _builder_version=&#8221;4.16&#8243; global_colors_info=&#8221;{}&#8221; open=&#8221;off&#8221;]<\/p>\n<p><a href=\"https:\/\/primemoroccotours.com\/es\/about-prime-morocco-tours\/\">\u201cPrime Morocco Tours\u201d<\/a> es una agencia de viajes que celebra m\u00e1s de 15 a\u00f1os de servicios tur\u00edsticos y visitas guiadas. Somos hijos del desierto y somos amazigh que amamos su tierra e identidad; creemos tener algo especial en nuestras queridas tierras marroqu\u00edes y queremos compartirlo con quien sea que est\u00e9 interesado. Los servicios que ofrecemos son nuestra forma de ayudar a los extranjeros a descubrir nuestra tierra, y la calidad de nuestros servicios est\u00e1 motivada por nuestra tendencia natural como marroqu\u00edes bereberes a ser hospitalarios con los extra\u00f1os.<\/p>\n<p>[\/et_pb_accordion_item][et_pb_accordion_item title=&#8221;Customize your own Morocco dream trip with \u201cPrime Morocco Tours\u201d.&#8221; _builder_version=&#8221;4.16&#8243; global_colors_info=&#8221;{}&#8221; open=&#8221;off&#8221;]<\/p>\n<p>Nuestros servicios de \"Prime Morocco Tours\" permiten al cliente tener el control total en la personalizaci\u00f3n de su propio viaje de ensue\u00f1o por Marruecos. Tenemos nuestro<a href=\"https:\/\/primemoroccotours.com\/es\/prime-morocco-tours\/\"> visitas normales,<\/a> que parecen satisfacer a nuestros clientes. Sin embargo, si quieres personalizar tu viaje; cosas como: lugares adicionales para visitar, viajar con tu familia o amigos y reservar en diferentes hoteles, no dudes en <a href=\"https:\/\/primemoroccotours.com\/es\/contact-us\/\">cont\u00e1ctenos<\/a>\u2026 En \"Prime Morocco Tours\" nuestro primer objetivo es dar al turista una experiencia maravillosa, y si eso significa personalizar las cosas seg\u00fan cada individuo, \u00a1que as\u00ed sea!<\/p>\n<p>[\/et_pb_accordion_item][\/et_pb_accordion][\/et_pb_column][\/et_pb_row][\/et_pb_section]<\/p>","protected":false},"excerpt":{"rendered":"<p>One day tours that start from Marrakech or Fes to nearby places, like Ouzoud Waterfalls, Chefchouen Volubilis, Ait Ben Haddou, Ouarzazate and much more. Feel free to contact us any time about any tour you like or if you have any questions or requests.Below is general information about the trips and services you will have [&hellip;]<\/p>","protected":false},"author":1,"featured_media":0,"parent":0,"menu_order":0,"comment_status":"closed","ping_status":"closed","template":"","meta":{"_et_pb_use_builder":"on","_et_pb_old_content":"<!-- wp:divi\/placeholder \/-->","_et_gb_content_width":"","_joinchat":[],"footnotes":""},"class_list":["post-47","page","type-page","status-publish","hentry"],"_links":{"self":[{"href":"https:\/\/primemoroccotours.com\/es\/wp-json\/wp\/v2\/pages\/47","targetHints":{"allow":["GET"]}}],"collection":[{"href":"https:\/\/primemoroccotours.com\/es\/wp-json\/wp\/v2\/pages"}],"about":[{"href":"https:\/\/primemoroccotours.com\/es\/wp-json\/wp\/v2\/types\/page"}],"author":[{"embeddable":true,"href":"https:\/\/primemoroccotours.com\/es\/wp-json\/wp\/v2\/users\/1"}],"replies":[{"embeddable":true,"href":"https:\/\/primemoroccotours.com\/es\/wp-json\/wp\/v2\/comments?post=47"}],"version-history":[{"count":11,"href":"https:\/\/primemoroccotours.com\/es\/wp-json\/wp\/v2\/pages\/47\/revisions"}],"predecessor-version":[{"id":27309,"href":"https:\/\/primemoroccotours.com\/es\/wp-json\/wp\/v2\/pages\/47\/revisions\/27309"}],"wp:attachment":[{"href":"https:\/\/primemoroccotours.com\/es\/wp-json\/wp\/v2\/media?parent=47"}],"curies":[{"name":"wp","href":"https:\/\/api.w.org\/{rel}","templated":true}]}}