{"id":21,"date":"2019-09-09T21:13:28","date_gmt":"2019-09-09T21:13:28","guid":{"rendered":"http:\/\/primemoroccotours.com\/?page_id=21"},"modified":"2025-09-01T11:57:55","modified_gmt":"2025-09-01T11:57:55","slug":"tours-from-marrakech","status":"publish","type":"page","link":"https:\/\/primemoroccotours.com\/es\/tours-from-marrakech\/","title":{"rendered":"Tours desde Marrakech"},"content":{"rendered":"[et_pb_section fb_built=&#8221;1&#8243; fullwidth=&#8221;on&#8221; _builder_version=&#8221;4.27.3&#8243; hover_enabled=&#8221;0&#8243; global_colors_info=&#8221;{}&#8221; sticky_enabled=&#8221;0&#8243;][et_pb_fullwidth_header title=&#8221;tours from Marrakech city&#8221; _builder_version=&#8221;4.27.3&#8243; title_font=&#8221;|800||on|||||&#8221; title_text_color=&#8221;#FFFFFF&#8221; background_color=&#8221;rgba(126,190,197,0)&#8221; background_image=&#8221;https:\/\/primemoroccotours.com\/wp-content\/uploads\/2022\/07\/6-days-desert-tour-from-Marrakech.jpg&#8221; custom_padding=&#8221;146px||146px||true|false&#8221; custom_padding_tablet=&#8221;&#8221; custom_padding_phone=&#8221;70px||70px||true|false&#8221; custom_padding_last_edited=&#8221;on|phone&#8221; hover_enabled=&#8221;0&#8243; global_colors_info=&#8221;{}&#8221; background_blend=&#8221;overlay&#8221; use_background_color_gradient=&#8221;on&#8221; background_color_gradient_stops=&#8221;#b3b3b3 0%|#474747 32%&#8221; sticky_enabled=&#8221;0&#8243;]<p style=\"text-align: justify;\"><strong>Tours de varios d\u00edas que comienzan desde <\/strong><g class=\"gr_ gr_11 gr-alert gr_gramm gr_inline_cards gr_run_anim Style multiReplace\" id=\"11\" data-gr-id=\"11\">ciudad de Marrakech<\/g><strong> al desierto de Merzouga, Erg Chebbi o ciudades imperiales. Si\u00e9ntase libre de navegar por nuestras opciones de tour, si le gusta algo cont\u00e1ctenos, y si tiene alguna pregunta o modificaci\u00f3n, no dude en contactarnos estamos disponibles las 24 horas del d\u00eda, los 7 d\u00edas de la semana, a trav\u00e9s de WhatsApp, correo electr\u00f3nico, chat en vivo en l\u00ednea y tel\u00e9fono.<\/strong><\/p>[\/et_pb_fullwidth_header][\/et_pb_section][et_pb_section fb_built=&#8221;1&#8243; _builder_version=&#8221;4.16&#8243; background_color=&#8221;#efefef&#8221; custom_margin_tablet=&#8221;&#8221; custom_margin_phone=&#8221;&#8221; custom_margin_last_edited=&#8221;on|phone&#8221; custom_padding=&#8221;0px||||false|false&#8221; global_colors_info=&#8221;{}&#8221;][et_pb_row _builder_version=&#8221;4.16&#8243; custom_margin=&#8221;||||false|true&#8221; global_colors_info=&#8221;{}&#8221;][et_pb_column type=&#8221;4_4&#8243; _builder_version=&#8221;4.16&#8243; global_colors_info=&#8221;{}&#8221;][et_pb_blurb title=&#8221;Scroll down to browse our tours&#8221; image=&#8221;https:\/\/primemoroccotours.com\/wp-content\/uploads\/2020\/02\/scrolling.png&#8221; icon_placement=&#8221;left&#8221; _builder_version=&#8221;4.16&#8243; header_level=&#8221;h2&#8243; header_text_color=&#8221;#e14f7d&#8221; global_colors_info=&#8221;{}&#8221;]<p>A continuaci\u00f3n se presenta informaci\u00f3n general sobre el tour y los servicios que tendr\u00e1 con nosotros. Para leer el itinerario completo de cada tour, despl\u00e1cese hacia abajo para encontrar nuestro cat\u00e1logo de tours.<\/p>[\/et_pb_blurb][et_pb_text _builder_version=&#8221;4.23.1&#8243; header_2_text_color=&#8221;#e09a03&#8243; background_color=&#8221;#ffffff&#8221; custom_padding=&#8221;10px|10px|10px|10px|false|false&#8221; global_colors_info=&#8221;{}&#8221;]<h2><span style=\"color: #0c71c3;\"><strong>Excursiones por el desierto de Marrakech<\/strong><\/span><\/h2>\n<h3><span style=\"color: #e09900;\"><strong>\u00bfQu\u00e9 son los tours en el desierto de Marrakech?<\/strong><\/span><\/h3>\n<p style=\"text-align: justify;\">Marrakech tours en el desierto son tours que comienzan desde Marrakech, y visitan el desierto del Sahara marroqu\u00ed y muchos otros lugares interesantes a lo largo del camino, durante 2-7 d\u00edas. Primero, los tours parten de Marrakech, recorriendo la Ciudad Roja; Marrakech es una ciudad bastante diversa, donde modernidad y tradici\u00f3n se combinan para darnos la ciudad m\u00e1s visitada en Marruecos por los turistas. Despu\u00e9s de la excursi\u00f3n sale de Marrakech, por lo general visita la regi\u00f3n del Alto Atlas, donde se encuentra el pico m\u00e1s alto en el norte de \u00c1frica. El tour luego visita Ait Ben Haddo y Ouarzazate, dos lugares de filmaci\u00f3n muy famosos que se pueden ver en pel\u00edculas como The Kingdom of Heaven, Gladiator, The Mummy... La regi\u00f3n es muy famosa por sus Kasbahs y Ksours con su estilo \u00fanico de arquitectura. Los tours por el desierto de Marrakech tambi\u00e9n visitan algunos hermosos paisajes naturales como los que se pueden encontrar en el valle del Dades y las gargantas del Toudra; la geolog\u00eda de esta regi\u00f3n de Marruecos la ha convertido en un lugar muy atractivo que mantiene a gente fascinante. Sin embargo, el punto culminante de la gira es el tiempo que va a pasar en el desierto. Normalmente se empieza con cabalgar los camellos desde el pueblo de Merzouga, donde est\u00e1n los hoteles y restaurantes de lujo, hacia el centro de las dunas del Erg Chebbi, donde hay un campamento esperando a los visitantes, que suelen llegar antes del atardecer. La noche en el campamento es una experiencia, donde el cielo claro de la noche, la m\u00fasica bereber, la comida del desierto, la vida silvestre, el estilo de vida n\u00f3mada, las camas c\u00f3modas y los hermosos paisajes des\u00e9rticos se combinan para hacer un tiempo saludable y rico. Despu\u00e9s de que el tour deja las dunas del Erg Chebbi, normalmente visita muchos otros pueblos y ciudades en la zona del gran Oasis de Tafilalt, sobre todo:  Khamlia, Erfoud, Erissani, y Tinjedad.\u00a0 Los tours suelen volver a Marrakech, sin embargo, muchos tours contin\u00faan hacia <strong><a href=\"https:\/\/primemoroccotours.com\/es\/tours-from-fes\/\">Fez<\/a> <\/strong>pasando por muchas ciudades importantes bereberes como Midelt, que es conocida por los minerales y las manzanas, y Azerou e Ifrane, que son dos hermosas ciudades cerca de bosques de cedro donde hay monos. Tambi\u00e9n puede esperar un recorrido por Meknes, que es una cosa recomendada; dado que Meknes tiene algunos sitios hist\u00f3ricos interesantes, Y tambi\u00e9n Volubilis los restos de una antigua ciudad romana. Una visita guiada en <strong><a href=\"https:\/\/primemoroccotours.com\/es\/tours-from-fes\/\">Fez<\/a> <\/strong>es tambi\u00e9n algo recomendable; Fez tiene dentro de sus confines el amanecer de la era isl\u00e1mica de Marruecos que comenz\u00f3 hace 12 siglos.<\/p>\n<p>Para m\u00e1s informaci\u00f3n, no dude en dirigirse a <strong><a href=\"https:\/\/primemoroccotours.com\/es\/contact-us\/\">Contacto Nuestros servicios<\/a><\/strong>.<\/p>\n<p>M\u00e1s detalles a continuaci\u00f3n.<\/p>\n<h3><span style=\"color: #e09a03;\"><strong>Itinerario del tour por el desierto de Marrakech.<\/strong><\/span><\/h3>\n<p style=\"text-align: justify;\">Dependiendo de cu\u00e1ntos d\u00edas el tour toma el horario puede variar; \"Prime Morocco Tours\" tiene m\u00faltiples opciones. \u00a0 Despu\u00e9s de que el tour salga de Marrakech, el primer d\u00eda se pasar\u00e1 entre Marrakech y Ouarzazate junto con los valles y gargantas de Dades y Toudra. Los d\u00edas segundo y tercero est\u00e1n reservados para las actividades del desierto en la regi\u00f3n de Tafilalt, incluyendo la noche encantadora en las dunas de Erg Chebbi y los paseos en camello. El tiempo restante ser\u00e1 reservado para el viaje entre el desierto y Marrakech o Fez dependiendo del tour.<\/p>\n<h3><span style=\"color: #e09a03;\"><strong>Los puntos destacados de las excursiones por el desierto de Marrakech<\/strong><\/span><\/h3>\n<ul>\n<li>La visita guiada de Marrakech en la antigua medina.<\/li>\n<li>La visita al Hollywood de Marruecos; Ouarzazate y Ait Ben Haddo.<\/li>\n<li>La exploraci\u00f3n de los valles y gargantas del Dades y el Toudra.<\/li>\n<li>La noche se pas\u00f3 en el campamento del desierto con camellos, m\u00fasica del desierto y visitas a los n\u00f3madas.<\/li>\n<li>La exploraci\u00f3n del Oasis de Tafilalt.<\/li>\n<li>La visita guiada en la regi\u00f3n de Meknes, Volubilis y Fez.<\/li>\n<\/ul>[\/et_pb_text][et_pb_portfolio fullwidth=&#8221;off&#8221; include_categories=&#8221;5&#8243; show_categories=&#8221;off&#8221; _builder_version=&#8221;4.16&#8243; global_colors_info=&#8221;{}&#8221;][\/et_pb_portfolio][\/et_pb_column][\/et_pb_row][et_pb_row column_structure=&#8221;1_3,1_3,1_3&#8243; _builder_version=&#8221;4.16&#8243; global_colors_info=&#8221;{}&#8221;][et_pb_column type=&#8221;1_3&#8243; _builder_version=&#8221;4.16&#8243; background_color=&#8221;#ffffff&#8221; custom_padding=&#8221;20px|8px|20px|8px|true|true&#8221; global_colors_info=&#8221;{}&#8221;][et_pb_blurb title=&#8221;Prime Morocco tours Services&#8221; use_icon=&#8221;on&#8221; font_icon=&#8221;&#xe0dd;||divi||400&#8243; icon_color=&#8221;#0C71C3&#8243; icon_placement=&#8221;left&#8221; _builder_version=&#8221;4.23.1&#8243; header_level=&#8221;h2&#8243; header_font=&#8221;|800||on|||||&#8221; header_text_color=&#8221;#0c71c3&#8243; global_colors_info=&#8221;{}&#8221;][\/et_pb_blurb][et_pb_blurb title=&#8221;NO BOOKING OR CREDIT CARD FEES&#8221; use_icon=&#8221;on&#8221; font_icon=&#8221;&#x4e;||divi||400&#8243; icon_color=&#8221;#0C71C3&#8243; icon_placement=&#8221;left&#8221; _builder_version=&#8221;4.23.1&#8243; header_level=&#8221;h3&#8243; header_font=&#8221;|300|||||||&#8221; header_text_color=&#8221;#0c71c3&#8243; global_colors_info=&#8221;{}&#8221;][\/et_pb_blurb][et_pb_blurb title=&#8221;BEST PRICE GUARANTEE&#8221; use_icon=&#8221;on&#8221; font_icon=&#8221;&#x4e;||divi||400&#8243; icon_color=&#8221;#0C71C3&#8243; icon_placement=&#8221;left&#8221; _builder_version=&#8221;4.16&#8243; header_level=&#8221;h3&#8243; header_font=&#8221;|300|||||||&#8221; header_text_color=&#8221;#0c71c3&#8243; global_colors_info=&#8221;{}&#8221;][\/et_pb_blurb][et_pb_blurb title=&#8221;Quality services&#8221; use_icon=&#8221;on&#8221; font_icon=&#8221;&#x4e;||divi||400&#8243; icon_color=&#8221;#0C71C3&#8243; icon_placement=&#8221;left&#8221; _builder_version=&#8221;4.16&#8243; header_level=&#8221;h3&#8243; header_font=&#8221;|300|||||||&#8221; header_text_color=&#8221;#0c71c3&#8243; global_colors_info=&#8221;{}&#8221;][\/et_pb_blurb][\/et_pb_column][et_pb_column type=&#8221;1_3&#8243; _builder_version=&#8221;4.16&#8243; background_color=&#8221;#ffffff&#8221; custom_padding=&#8221;20px|8px|20px|8px|true|true&#8221; global_colors_info=&#8221;{}&#8221;][et_pb_blurb title=&#8221;This Tour Includes&#8221; use_icon=&#8221;on&#8221; font_icon=&#8221;&#x43;||divi||400&#8243; icon_color=&#8221;#0C71C3&#8243; icon_placement=&#8221;left&#8221; _builder_version=&#8221;4.23.1&#8243; header_level=&#8221;h2&#8243; header_font=&#8221;|800||on|||||&#8221; header_text_color=&#8221;#0c71c3&#8243; global_colors_info=&#8221;{}&#8221;][\/et_pb_blurb][et_pb_blurb title=&#8221; Pick up And Drop off your accommodation.&#8221; use_icon=&#8221;on&#8221; font_icon=&#8221;&#x4e;||divi||400&#8243; icon_color=&#8221;#0C71C3&#8243; icon_placement=&#8221;left&#8221; _builder_version=&#8221;4.23.1&#8243; header_level=&#8221;h3&#8243; header_font=&#8221;|300|||||||&#8221; header_text_color=&#8221;#0c71c3&#8243; custom_margin=&#8221;||5px||false|false&#8221; global_colors_info=&#8221;{}&#8221;][\/et_pb_blurb][et_pb_blurb title=&#8221; Private tour in a comfortable vehicle .&#8221; use_icon=&#8221;on&#8221; font_icon=&#8221;&#x4e;||divi||400&#8243; icon_color=&#8221;#0C71C3&#8243; icon_placement=&#8221;left&#8221; _builder_version=&#8221;4.16&#8243; header_level=&#8221;h3&#8243; header_font=&#8221;|300|||||||&#8221; header_text_color=&#8221;#0c71c3&#8243; custom_margin=&#8221;||5px||false|false&#8221; global_colors_info=&#8221;{}&#8221;][\/et_pb_blurb][et_pb_blurb title=&#8221; Private tour in a comfortable car.&#8221; use_icon=&#8221;on&#8221; font_icon=&#8221;&#x4e;||divi||400&#8243; icon_color=&#8221;#0C71C3&#8243; icon_placement=&#8221;left&#8221; _builder_version=&#8221;4.16&#8243; header_level=&#8221;h3&#8243; header_font=&#8221;|300|||||||&#8221; header_text_color=&#8221;#0c71c3&#8243; custom_margin=&#8221;||5px||false|false&#8221; global_colors_info=&#8221;{}&#8221;][\/et_pb_blurb][et_pb_blurb title=&#8221; Professional English\/ Spanish driver,guide.&#8221; use_icon=&#8221;on&#8221; font_icon=&#8221;&#x4e;||divi||400&#8243; icon_color=&#8221;#0C71C3&#8243; icon_placement=&#8221;left&#8221; _builder_version=&#8221;4.16&#8243; header_level=&#8221;h3&#8243; header_font=&#8221;|300|||||||&#8221; header_text_color=&#8221;#0c71c3&#8243; custom_margin=&#8221;||5px||false|false&#8221; global_colors_info=&#8221;{}&#8221;][\/et_pb_blurb][et_pb_blurb title=&#8221; Accommodation in desert camp (Desert Tours)&#8221; use_icon=&#8221;on&#8221; font_icon=&#8221;&#x4e;||divi||400&#8243; icon_color=&#8221;#0C71C3&#8243; icon_placement=&#8221;left&#8221; _builder_version=&#8221;4.16&#8243; header_level=&#8221;h3&#8243; header_font=&#8221;|300|||||||&#8221; header_text_color=&#8221;#0c71c3&#8243; custom_margin=&#8221;||5px||false|false&#8221; global_colors_info=&#8221;{}&#8221;][\/et_pb_blurb][et_pb_blurb title=&#8221; Camel trek in Sahara (Desert Tours).&#8221; use_icon=&#8221;on&#8221; font_icon=&#8221;&#x4e;||divi||400&#8243; icon_color=&#8221;#0C71C3&#8243; icon_placement=&#8221;left&#8221; _builder_version=&#8221;4.16&#8243; header_level=&#8221;h3&#8243; header_font=&#8221;|300|||||||&#8221; header_text_color=&#8221;#0c71c3&#8243; custom_margin=&#8221;||5px||false|false&#8221; global_colors_info=&#8221;{}&#8221;][\/et_pb_blurb][et_pb_blurb title=&#8221; Breakfast and dinner.&#8221; use_icon=&#8221;on&#8221; font_icon=&#8221;&#x4e;||divi||400&#8243; icon_color=&#8221;#0C71C3&#8243; icon_placement=&#8221;left&#8221; _builder_version=&#8221;4.16&#8243; header_level=&#8221;h3&#8243; header_font=&#8221;|300|||||||&#8221; header_text_color=&#8221;#0c71c3&#8243; global_colors_info=&#8221;{}&#8221;][\/et_pb_blurb][\/et_pb_column][et_pb_column type=&#8221;1_3&#8243; _builder_version=&#8221;4.16&#8243; background_color=&#8221;#ffffff&#8221; custom_padding=&#8221;20px|8px|20px|8px|true|true&#8221; global_colors_info=&#8221;{}&#8221;][et_pb_blurb title=&#8221;This Tour Dont Includes&#8221; use_icon=&#8221;on&#8221; font_icon=&#8221;&#x43;||divi||400&#8243; icon_color=&#8221;#0C71C3&#8243; icon_placement=&#8221;left&#8221; _builder_version=&#8221;4.23.1&#8243; header_level=&#8221;h2&#8243; header_font=&#8221;|800||on|||||&#8221; header_text_color=&#8221;#0c71c3&#8243; global_colors_info=&#8221;{}&#8221;][\/et_pb_blurb][et_pb_blurb title=&#8221; Lunches.&#8221; use_icon=&#8221;on&#8221; font_icon=&#8221;&#x4e;||divi||400&#8243; icon_color=&#8221;#0C71C3&#8243; icon_placement=&#8221;left&#8221; _builder_version=&#8221;4.16&#8243; header_level=&#8221;h3&#8243; header_font=&#8221;|300|||||||&#8221; header_text_color=&#8221;#0c71c3&#8243; custom_margin=&#8221;||0px||false|false&#8221; global_colors_info=&#8221;{}&#8221;][\/et_pb_blurb][et_pb_blurb title=&#8221; Drinks.&#8221; use_icon=&#8221;on&#8221; font_icon=&#8221;&#x4e;||divi||400&#8243; icon_color=&#8221;#0C71C3&#8243; icon_placement=&#8221;left&#8221; _builder_version=&#8221;4.16&#8243; header_level=&#8221;h3&#8243; header_font=&#8221;|300|||||||&#8221; header_text_color=&#8221;#0c71c3&#8243; custom_margin=&#8221;||0px||false|false&#8221; global_colors_info=&#8221;{}&#8221;][\/et_pb_blurb][et_pb_blurb title=&#8221; Tips.&#8221; use_icon=&#8221;on&#8221; font_icon=&#8221;&#x4e;||divi||400&#8243; icon_color=&#8221;#0C71C3&#8243; icon_placement=&#8221;left&#8221; _builder_version=&#8221;4.16&#8243; header_level=&#8221;h3&#8243; header_font=&#8221;|300|||||||&#8221; header_text_color=&#8221;#0c71c3&#8243; custom_padding=&#8221;||8px||false|false&#8221; border_width_bottom=&#8221;4px&#8221; border_color_bottom=&#8221;#efefef&#8221; global_colors_info=&#8221;{}&#8221;][\/et_pb_blurb][et_pb_button button_url=&#8221;https:\/\/primemoroccotours.com\/book-your-morocco-tour-today\/&#8221; button_text=&#8221;Check availability&#8221; button_alignment=&#8221;center&#8221; _builder_version=&#8221;4.16&#8243; custom_button=&#8221;on&#8221; button_text_color=&#8221;#FFFFFF&#8221; button_bg_color=&#8221;#2980b9&#8243; button_border_width=&#8221;0px&#8221; button_font=&#8221;|300|||||||&#8221; button_icon=&#8221;&#xe023;||divi||400&#8243; global_colors_info=&#8221;{}&#8221;][\/et_pb_button][et_pb_button button_url=&#8221;https:\/\/primemoroccotours.com\/contact-us\/&#8221; button_text=&#8221;Contact us Now!&#8221; button_alignment=&#8221;center&#8221; _builder_version=&#8221;4.16&#8243; custom_button=&#8221;on&#8221; button_text_color=&#8221;#FFFFFF&#8221; button_bg_color=&#8221;#2980b9&#8243; button_border_width=&#8221;0px&#8221; button_font=&#8221;|300|||||||&#8221; button_icon=&#8221;&#xe010;||divi||400&#8243; global_colors_info=&#8221;{}&#8221;][\/et_pb_button][\/et_pb_column][\/et_pb_row][et_pb_row _builder_version=&#8221;4.16&#8243; global_colors_info=&#8221;{}&#8221;][et_pb_column type=&#8221;4_4&#8243; _builder_version=&#8221;4.16&#8243; global_colors_info=&#8221;{}&#8221;][et_pb_blurb title=&#8221;frequently asked questions?&#8221; image=&#8221;https:\/\/primemoroccotours.com\/wp-content\/uploads\/2020\/02\/question-mark.png&#8221; icon_placement=&#8221;left&#8221; content_max_width=&#8221;1100px&#8221; _builder_version=&#8221;4.23.1&#8243; header_level=&#8221;h2&#8243; header_font=&#8221;|700||on|||||&#8221; header_text_color=&#8221;#fc3952&#8243; global_colors_info=&#8221;{}&#8221;][\/et_pb_blurb][et_pb_accordion open_toggle_text_color=&#8221;#0c71c3&#8243; _builder_version=&#8221;4.23.1&#8243; toggle_level=&#8221;h3&#8243; toggle_font=&#8221;|||on|||||&#8221; global_colors_info=&#8221;{}&#8221;][et_pb_accordion_item title=&#8221;Why Morocco desert tours?&#8221; open=&#8221;on&#8221; _builder_version=&#8221;4.16&#8243; global_colors_info=&#8221;{}&#8221;]<p>Morocco is truly the land of diversity! It\u2019s a country with many faces; each face represents a geographical spot with all its unique nature, cultures and lifestyles. Touring Morocco is a very rich experience, which never fails to amaze the visitors, thanks to the very diverse nature of this wonderful country. In \u201cPrime Morocco Tours\u201d we offer tours that allow the visitors to experience this diversity of the Moroccan natural and cultural landscapes. We <a href=\"https:\/\/primemoroccotours.com\/es\/book-your-morocco-tour-today\/\">organizar excursiones<\/a> that visit the imperial cities with all their cool historical monuments and their fancy, modern lifestyles. The tours also visit the Atlas Mountains and the forests in the area, along with many valleys, waterfalls, gorges, lakes and coastal cities with warm beaches. However, the most recommended place to visit, according to us is the Great Sahara Desert; the tours that visit Merzouga and Erg Chebbi dunes are something that everyone who visits Morocco must try. When you&#8217;re in the Moroccan desert you can <a href=\"https:\/\/primemoroccotours.com\/es\/camel-trekking-2\/\">montar en camello<\/a>, que es una experiencia que no muchos pa\u00edses pueden ofrecer. Tambi\u00e9n puedes enterrar tu cuerpo debajo de las arenas para fines m\u00e9dicos como lo hacen los locales. O simplemente disfrutar de los paisajes des\u00e9rticos m\u00e1gicos de las dunas doradas, tal vez incluso combinado con los hermosos colores del atardecer.\u00a0 Hay campamentos en el desierto con tiendas tradicionales y tambi\u00e9n modernas y c\u00f3modas, estos campamentos suelen tener una banda de m\u00fasicos bereberes y un cocinero que puede preparar la cocina tradicional. El desierto es tambi\u00e9n un lugar donde se han organizado muchas fiestas y conciertos.<\/p>\n<p>The Moroccan Sahara Desert is a special experience that you can only have in a country as Morocco, That\u2019s why most of our tours visit the desert.<\/p>[\/et_pb_accordion_item][et_pb_accordion_item title=&#8221;Merzouga Desert, Erg Chigaga or the imperial cities?&#8221; _builder_version=&#8221;4.16&#8243; global_colors_info=&#8221;{}&#8221; open=&#8221;off&#8221;]<ul>\n<li>Desierto de Merzouga.<\/li>\n<\/ul>\n<p>Uno de los mejores lugares para visitar en Marruecos es Merzouga, que es el pueblo cerca de las dunas de Erg Chebbi. El desierto de Merzouga es un lugar donde se pueden experimentar dos estilos de vida; el estilo de vida del desierto con todos sus aspectos naturales como las dunas, los paseos en camello y el maravilloso cielo nocturno, y un estilo de vida confortable en los hoteles de lujo de la ciudad. Es verdaderamente un lugar saludable desierto de Merzouga.<\/p>\n<ul>\n<li>Erg Chigaga.<\/li>\n<\/ul>\n<p>Para las personas que les gusta tener una experiencia de desierto crudo con condiciones m\u00e1s extremas, una buena parada es Erg Chigaga, que se encuentra cerca del pueblo Zagora. Las dunas de Erg Chigaga son, con mucho, las m\u00e1s grandes de Marruecos. Las personas que les gusta desafiar sus l\u00edmites de resistencia podr\u00edan encontrar Erg Chigaga un lugar donde pueden explorar ese viaje interior de la auto-motivaci\u00f3n.<\/p>\n<ul>\n<li>Las Ciudades Imperiales.<\/li>\n<\/ul>\n<p>Las ciudades imperiales de Marruecos son muy ricas y diversas en t\u00e9rminos de historia, cultura y estilos de vida. Ciudades como <a href=\"https:\/\/primemoroccotours.com\/es\/tours-from-fes\/\">Fez<\/a> y <a href=\"https:\/\/primemoroccotours.com\/es\/tours-from-marrakech\/\">Marrakech<\/a> Tienen una historia que se remonta a la Edad Media, en la que muchas culturas han ayudado en el proceso de conformaci\u00f3n de estas enormes \u00e1reas urbanas con sus estilos de vida \u00fanicos. Las ciudades imperiales tienen todas una ciudad vieja (Medina), que tiene un registro muy rico de edificios y arquitecturas del pasado antiguo. Las visitas guiadas por los lugares hist\u00f3ricos de las ciudades imperiales de Marruecos son verdaderamente fascinantes. Por ejemplo, Fez tiene la universidad m\u00e1s antigua del mundo. Puedes aprender mucho sobre la historia mundial en lugares como Marruecos. Las ciudades imperiales de Marruecos son tambi\u00e9n ciudades muy sofisticadas con un estilo de vida muy moderno. Las partes modernas de las ciudades imperiales marroqu\u00edes tienen centros comerciales, restaurantes, hoteles de cinco estrellas, bares, discotecas...<\/p>\n<ul>\n<li>Nuestra recomendaci\u00f3n.<\/li>\n<\/ul>\n<p>Nuestros clientes parecen dar siempre comentarios muy positivos sobre nuestras excursiones por el desierto a Merzouga y Erg Chebbi. Quiz\u00e1s porque los hoteles y las estructuras de este lugar tienen una dedicaci\u00f3n muy aguda para hacer que los turistas se sientan tan c\u00f3modos y felices, especialmente desde el ambiente des\u00e9rtico puede ser duro a veces. Los servicios en este lugar son satisfactorios y de alta calidad. Por eso \"<a href=\"https:\/\/primemoroccotours.com\/es\/\">prime Morocco Tours<\/a>\"  Recomiendo mucho el desierto de Merzouga.<\/p>\n<p>Si necesita m\u00e1s informaci\u00f3n sobre el tema, no dude en <a href=\"https:\/\/primemoroccotours.com\/es\/contact-us\/\">cont\u00e1ctenos.<\/a><\/p>[\/et_pb_accordion_item][et_pb_accordion_item title=&#8221;Why book with Prime Morocco Tours?&#8221; _builder_version=&#8221;4.16&#8243; global_colors_info=&#8221;{}&#8221; open=&#8221;off&#8221;]<p><a href=\"https:\/\/primemoroccotours.com\/es\/about-prime-morocco-tours\/\">\u201cPrime Morocco Tours\u201d<\/a> es una agencia de viajes que celebra m\u00e1s de 15 a\u00f1os de servicios tur\u00edsticos y visitas guiadas. Somos hijos del desierto y somos amazigh que amamos su tierra e identidad; creemos tener algo especial en nuestras queridas tierras marroqu\u00edes y queremos compartirlo con quien sea que est\u00e9 interesado. Los servicios que ofrecemos son nuestra forma de ayudar a los extranjeros a descubrir nuestra tierra, y la calidad de nuestros servicios est\u00e1 motivada por nuestra tendencia natural como marroqu\u00edes bereberes a ser hospitalarios con los extra\u00f1os.<\/p>[\/et_pb_accordion_item][et_pb_accordion_item title=&#8221;Customize your own Morocco dream trip with \u201cPrime Morocco Tours\u201d.&#8221; _builder_version=&#8221;4.16&#8243; global_colors_info=&#8221;{}&#8221; open=&#8221;off&#8221;]<p>Nuestros servicios de \"Prime Morocco Tours\" permiten al cliente tener el control total en la personalizaci\u00f3n de su propio viaje de ensue\u00f1o por Marruecos. Tenemos nuestro<a href=\"https:\/\/primemoroccotours.com\/es\/prime-morocco-tours\/\"> visitas normales,<\/a> que parecen satisfacer a nuestros clientes. Sin embargo, si quieres personalizar tu viaje; cosas como: lugares adicionales para visitar, viajar con tu familia o amigos y reservar en diferentes hoteles, no dudes en <a href=\"https:\/\/primemoroccotours.com\/es\/contact-us\/\">cont\u00e1ctenos<\/a>\u2026 En \"Prime Morocco Tours\" nuestro primer objetivo es dar al turista una experiencia maravillosa, y si eso significa personalizar las cosas seg\u00fan cada individuo, \u00a1que as\u00ed sea!<\/p>[\/et_pb_accordion_item][\/et_pb_accordion][\/et_pb_column][\/et_pb_row][\/et_pb_section]","protected":false},"excerpt":{"rendered":"<p>Multi-day tours that start from Marrakech city to the Merzouga desert, Erg Chebbi, or imperial cities. Feel free to surf our tour choices, if you do like anything contact us, and if you have any questions or modifications, feel free to contact us we are available 24 hours a day, 7 days a week, via [&hellip;]<\/p>","protected":false},"author":1,"featured_media":1208,"parent":0,"menu_order":0,"comment_status":"closed","ping_status":"closed","template":"","meta":{"_et_pb_use_builder":"on","_et_pb_old_content":"<!-- wp:divi\/placeholder \/-->","_et_gb_content_width":"","_joinchat":[],"footnotes":""},"class_list":["post-21","page","type-page","status-publish","has-post-thumbnail","hentry"],"_links":{"self":[{"href":"https:\/\/primemoroccotours.com\/es\/wp-json\/wp\/v2\/pages\/21","targetHints":{"allow":["GET"]}}],"collection":[{"href":"https:\/\/primemoroccotours.com\/es\/wp-json\/wp\/v2\/pages"}],"about":[{"href":"https:\/\/primemoroccotours.com\/es\/wp-json\/wp\/v2\/types\/page"}],"author":[{"embeddable":true,"href":"https:\/\/primemoroccotours.com\/es\/wp-json\/wp\/v2\/users\/1"}],"replies":[{"embeddable":true,"href":"https:\/\/primemoroccotours.com\/es\/wp-json\/wp\/v2\/comments?post=21"}],"version-history":[{"count":18,"href":"https:\/\/primemoroccotours.com\/es\/wp-json\/wp\/v2\/pages\/21\/revisions"}],"predecessor-version":[{"id":27315,"href":"https:\/\/primemoroccotours.com\/es\/wp-json\/wp\/v2\/pages\/21\/revisions\/27315"}],"wp:featuredmedia":[{"embeddable":true,"href":"https:\/\/primemoroccotours.com\/es\/wp-json\/wp\/v2\/media\/1208"}],"wp:attachment":[{"href":"https:\/\/primemoroccotours.com\/es\/wp-json\/wp\/v2\/media?parent=21"}],"curies":[{"name":"wp","href":"https:\/\/api.w.org\/{rel}","templated":true}]}}