{"id":19,"date":"2019-09-09T21:13:04","date_gmt":"2019-09-09T21:13:04","guid":{"rendered":"http:\/\/primemoroccotours.com\/?page_id=19"},"modified":"2025-09-01T11:03:48","modified_gmt":"2025-09-01T11:03:48","slug":"prime-morocco-tours-morocco-desert-tours","status":"publish","type":"page","link":"https:\/\/primemoroccotours.com\/es\/prime-morocco-tours-morocco-desert-tours\/","title":{"rendered":"Excursiones por el desierto de Marruecos"},"content":{"rendered":"[et_pb_section fb_built=&#8221;1&#8243; fullwidth=&#8221;on&#8221; _builder_version=&#8221;4.16&#8243; global_colors_info=&#8221;{}&#8221;][et_pb_fullwidth_header title=&#8221;Prime Morocco desert Tours&#8221; text_orientation=&#8221;center&#8221; _builder_version=&#8221;4.16&#8243; title_font=&#8221;|800||on|||||&#8221; background_color=&#8221;rgba(126,190,197,0)&#8221; use_background_color_gradient=&#8221;on&#8221; background_color_gradient_stops=&#8221;rgba(12,113,195,0.58) 0%|rgba(49,114,234,0.31) 100%&#8221; background_color_gradient_overlays_image=&#8221;on&#8221; background_color_gradient_start=&#8221;rgba(12,113,195,0.58)&#8221; background_color_gradient_end=&#8221;rgba(49,114,234,0.31)&#8221; background_image=&#8221;https:\/\/primemoroccotours.com\/wp-content\/uploads\/2019\/09\/Sahar-bg.jpg&#8221; custom_padding=&#8221;205px||205px||true|false&#8221; global_colors_info=&#8221;{}&#8221;]<div class=\"et_pb_header_content_wrapper\">\n<p>Tours de varios d\u00edas que comienzan desde Fez, Marrakech, T\u00e1nger, Casablanca o donde quieras al desierto de Merzouga, Erg Chebbi o ciudades imperiales. Si\u00e9ntase libre de navegar por nuestras opciones de tour, si le gusta algo cont\u00e1ctenos, y si tiene alguna pregunta o modificaci\u00f3n, no dude en contactarnos estamos disponibles las 24 horas del d\u00eda, los 7 d\u00edas de la semana, en WhatsApp, correo electr\u00f3nico, chat en vivo en l\u00ednea y tel\u00e9fono.<\/p>\n<\/div>[\/et_pb_fullwidth_header][\/et_pb_section][et_pb_section fb_built=&#8221;1&#8243; _builder_version=&#8221;4.16&#8243; background_color=&#8221;#efefef&#8221; custom_padding=&#8221;3px|||||&#8221; global_colors_info=&#8221;{}&#8221;][et_pb_row _builder_version=&#8221;4.16&#8243; global_colors_info=&#8221;{}&#8221;][et_pb_column type=&#8221;4_4&#8243; _builder_version=&#8221;4.16&#8243; global_colors_info=&#8221;{}&#8221;][et_pb_filterable_portfolio fullwidth=&#8221;off&#8221; include_categories=&#8221;3,6,5,4&#8243; show_categories=&#8221;off&#8221; _builder_version=&#8221;4.16&#8243; title_text_color=&#8221;#ffffff&#8221; custom_css_portfolio_title=&#8221;background-color:#0c71c3;||margin-top:0px;||margin-bottom:35px;&#8221; global_colors_info=&#8221;{}&#8221;][\/et_pb_filterable_portfolio][et_pb_text _builder_version=&#8221;4.16&#8243; header_2_text_color=&#8221;#e09a03&#8243; background_color=&#8221;#ffffff&#8221; custom_padding=&#8221;10px|10px|10px|10px|false|false&#8221; locked=&#8221;off&#8221; global_colors_info=&#8221;{}&#8221;]<h1><strong><span style=\"color: #0c71c3;\">Excursiones por el desierto de Marruecos<\/span><\/strong><\/h1>\n<ul>\n<li>\n<h2><strong>\u00bfQu\u00e9 son los tours por el desierto de Marruecos?<\/strong><\/h2>\n<\/li>\n<\/ul>\n<p style=\"text-align: justify;\">Visitar Marruecos es una gran oportunidad para pasar alg\u00fan tiempo de diversi\u00f3n en el desierto, especialmente si usted es de un pa\u00eds europeo, donde no hay desiertos. Los tours que tenemos en \"Prime Morocco Tours\" suelen visitar el desierto del Sahara entre muchos otros lugares de Marruecos como las ciudades imperiales con sus antiguas Medinas, las monta\u00f1as del Atlas, las ciudades costeras y los numerosos monumentos hist\u00f3ricos. Sin embargo, el desierto marroqu\u00ed del Sahara es, quiz\u00e1s, uno de los mejores lugares, donde se puede pasar un tiempo incre\u00edble y saludable, lejos del ruido de las ciudades.\u00a0<\/p>\n<p style=\"text-align: justify;\">Despu\u00e9s de comenzar los tours desde una gran ciudad como Fez o Marrakech, los tours se dirigen hacia el desierto del Sahara. Los tours por el desierto de Marruecos pueden tomar un d\u00eda o m\u00e1s antes de llegar a Merzouga, donde se encuentran las dunas de Erg Chebbi, y esos d\u00edas generalmente se pasan visitando algunos lugares interesantes como monta\u00f1as, sitios hist\u00f3ricos, valles y gargantas. Cuando los tours llegan <a href=\"https:\/\/es.wikipedia.org\/wiki\/Merzouga\" target=\"_blank\" rel=\"noopener\">Merzouga<\/a> los visitantes salen del pueblo, justo despu\u00e9s de relajarse; montan en camellos hacia las dunas, donde un campamento espera a los que llegan. Los campamentos del desierto tienen tiendas de lujo, con camas c\u00f3modas y ba\u00f1os. Sin embargo, tambi\u00e9n existen las tradicionales tiendas de campa\u00f1a de los n\u00f3madas, para una sensaci\u00f3n m\u00e1s aut\u00e9ntica. Las actividades que se pueden realizar en el desierto son muchas. Los m\u00e1s notables son camellos que caminan por las dunas, escuchando m\u00fasica del desierto con bandas de n\u00f3madas, reuni\u00e9ndose alrededor de la fogata y mirando el cielo del desierto incre\u00edble con las estrellas brillantes, esperando los hermosos colores del atardecer y el amanecer combinados con los granos dorados de las arenas y por supuesto probar algo de la comida tradicional del desierto marroqu\u00ed, que es realmente \u00fanica en esta zona.<\/p>\n<p style=\"text-align: justify;\">Mientras que los tours est\u00e1n en la zona tambi\u00e9n visitan algunos lugares interesantes como los valles y gargantas de Dedes y Toudra, ambos lugares tienen algunos de los paisajes naturales m\u00e1s fascinantes de Marruecos; los ca\u00f1ones estrechos y altos son tambi\u00e9n un buen desaf\u00edo para los escaladores.<\/p>\n<p style=\"text-align: justify;\">Los tours tambi\u00e9n visitan los estudios de Marruecos, Ouarzazate y <a href=\"https:\/\/whc.unesco.org\/en\/list\/444\" target=\"_blank\" rel=\"noopener\">Ait Ben Haddo<\/a>. Los dos lugares tienen una arquitectura tradicional que cautiva a la industria cinematogr\u00e1fica junto con los paisajes naturales del desierto que muchas pel\u00edculas hist\u00f3ricas necesitan en sus escenas. Juegos de Tronos, Transformers, Gladiador, Lawrence de Arabia, el Reino de los Cielos y muchas otras pel\u00edculas famosas han sido filmadas en estos estudios.<\/p>\n<p style=\"text-align: justify;\">Los tours por el desierto de Marruecos suelen dirigirse a Marrakech despu\u00e9s de eso.<\/p>\n<p style=\"text-align: justify;\">Para m\u00e1s informaci\u00f3n sobre los tours, nuestro equipo \"Prime Morocco Tours\" est\u00e1 muy feliz de responder a todas sus preguntas.<\/p>\n<p style=\"text-align: justify;\">M\u00e1s detalles a continuaci\u00f3n.<\/p>\n<p>Para m\u00e1s informaci\u00f3n, no dude en dirigirse a <strong><a href=\"https:\/\/primemoroccotours.com\/es\/contact-us\/\">Contacto Nuestros servicios<\/a><\/strong>.<\/p>\n<p>M\u00e1s detalles a continuaci\u00f3n.<\/p>\n<ul>\n<li>\n<h2><strong>Itinerario de tours en el desierto de Marruecos.<\/strong><\/h2>\n<\/li>\n<\/ul>\n<p style=\"text-align: justify;\">Los tours por el desierto de Marruecos salen de la gran ciudad hacia el desierto pasando por muchos lugares interesantes, sean monta\u00f1as, bosques, valles, oasis... Cuando los tours llegan al desierto, los visitantes pasar\u00e1n un largo per\u00edodo explorando la regi\u00f3n marroqu\u00ed del Sahara con sus muchos paisajes fascinantes y actividades que acompa\u00f1an a cada lugar. Los tours tambi\u00e9n visitan los estudios de Marruecos, donde hay algunos edificios muy antiguos. Los tours suelen ir a Marrakech despu\u00e9s de eso.<\/p>\n<ul>\n<li>\n<h2><strong>Los puntos destacados de las excursiones por el desierto de Marruecos.<\/strong><\/h2>\n<\/li>\n<\/ul>\n<p>-Explorar las ciudades imperiales de Marruecos.<\/p>\n<p>-Explorar los paisajes naturales marroqu\u00edes<\/p>\n<p>-Camello, noches en el desierto y explorar el desierto del Sahara.<\/p>\n<p>-Explorar los valles y gargantas de Marruecos.<\/p>\n<p>-Visitar los estudios de Ouarzazate y Ait Ben Haddo.<\/p>[\/et_pb_text][\/et_pb_column][\/et_pb_row][et_pb_row column_structure=&#8221;1_3,1_3,1_3&#8243; _builder_version=&#8221;4.16&#8243; locked=&#8221;off&#8221; global_colors_info=&#8221;{}&#8221;][et_pb_column type=&#8221;1_3&#8243; _builder_version=&#8221;4.16&#8243; background_color=&#8221;#ffffff&#8221; custom_padding=&#8221;20px|8px|20px|8px|true|true&#8221; global_colors_info=&#8221;{}&#8221;][et_pb_blurb title=&#8221;Prime Morocco tours Services&#8221; use_icon=&#8221;on&#8221; font_icon=&#8221;&#xe0dd;||divi||400&#8243; icon_color=&#8221;#0C71C3&#8243; icon_placement=&#8221;left&#8221; _builder_version=&#8221;4.16&#8243; header_level=&#8221;h1&#8243; header_font=&#8221;|800|||||||&#8221; header_text_color=&#8221;#0c71c3&#8243; global_colors_info=&#8221;{}&#8221;][\/et_pb_blurb][et_pb_blurb title=&#8221;NO BOOKING OR CREDIT CARD FEES&#8221; use_icon=&#8221;on&#8221; font_icon=&#8221;&#x4e;||divi||400&#8243; icon_color=&#8221;#0C71C3&#8243; icon_placement=&#8221;left&#8221; _builder_version=&#8221;4.16&#8243; header_level=&#8221;h3&#8243; header_font=&#8221;|300|||||||&#8221; header_text_color=&#8221;#0c71c3&#8243; global_colors_info=&#8221;{}&#8221;][\/et_pb_blurb][et_pb_blurb title=&#8221;BEST PRICE GUARANTEE&#8221; use_icon=&#8221;on&#8221; font_icon=&#8221;&#x4e;||divi||400&#8243; icon_color=&#8221;#0C71C3&#8243; icon_placement=&#8221;left&#8221; _builder_version=&#8221;4.16&#8243; header_level=&#8221;h3&#8243; header_font=&#8221;|300|||||||&#8221; header_text_color=&#8221;#0c71c3&#8243; global_colors_info=&#8221;{}&#8221;][\/et_pb_blurb][et_pb_blurb title=&#8221;Quality services&#8221; use_icon=&#8221;on&#8221; font_icon=&#8221;&#x4e;||divi||400&#8243; icon_color=&#8221;#0C71C3&#8243; icon_placement=&#8221;left&#8221; _builder_version=&#8221;4.16&#8243; header_level=&#8221;h3&#8243; header_font=&#8221;|300|||||||&#8221; header_text_color=&#8221;#0c71c3&#8243; global_colors_info=&#8221;{}&#8221;][\/et_pb_blurb][\/et_pb_column][et_pb_column type=&#8221;1_3&#8243; _builder_version=&#8221;4.16&#8243; background_color=&#8221;#ffffff&#8221; custom_padding=&#8221;20px|8px|20px|8px|true|true&#8221; global_colors_info=&#8221;{}&#8221;][et_pb_blurb title=&#8221;This Tour Includes&#8221; use_icon=&#8221;on&#8221; font_icon=&#8221;&#x43;||divi||400&#8243; icon_color=&#8221;#0C71C3&#8243; icon_placement=&#8221;left&#8221; _builder_version=&#8221;4.16&#8243; header_level=&#8221;h1&#8243; header_font=&#8221;|800|||||||&#8221; header_text_color=&#8221;#0c71c3&#8243; global_colors_info=&#8221;{}&#8221;][\/et_pb_blurb][et_pb_blurb title=&#8221; Pick up And Drop off your accommodation.&#8221; use_icon=&#8221;on&#8221; font_icon=&#8221;&#x4e;||divi||400&#8243; icon_color=&#8221;#0C71C3&#8243; icon_placement=&#8221;left&#8221; _builder_version=&#8221;4.16&#8243; header_level=&#8221;h3&#8243; header_font=&#8221;|300|||||||&#8221; header_text_color=&#8221;#0c71c3&#8243; custom_margin=&#8221;||5px||false|false&#8221; global_colors_info=&#8221;{}&#8221;][\/et_pb_blurb][et_pb_blurb title=&#8221; Private tour in a comfortable vehicle .&#8221; use_icon=&#8221;on&#8221; font_icon=&#8221;&#x4e;||divi||400&#8243; icon_color=&#8221;#0C71C3&#8243; icon_placement=&#8221;left&#8221; _builder_version=&#8221;4.16&#8243; header_level=&#8221;h3&#8243; header_font=&#8221;|300|||||||&#8221; header_text_color=&#8221;#0c71c3&#8243; custom_margin=&#8221;||5px||false|false&#8221; global_colors_info=&#8221;{}&#8221;][\/et_pb_blurb][et_pb_blurb title=&#8221; Private tour in a comfortable car.&#8221; use_icon=&#8221;on&#8221; font_icon=&#8221;&#x4e;||divi||400&#8243; icon_color=&#8221;#0C71C3&#8243; icon_placement=&#8221;left&#8221; _builder_version=&#8221;4.16&#8243; header_level=&#8221;h3&#8243; header_font=&#8221;|300|||||||&#8221; header_text_color=&#8221;#0c71c3&#8243; custom_margin=&#8221;||5px||false|false&#8221; global_colors_info=&#8221;{}&#8221;][\/et_pb_blurb][et_pb_blurb title=&#8221; Professional English\/ Spanish driver,guide.&#8221; use_icon=&#8221;on&#8221; font_icon=&#8221;&#x4e;||divi||400&#8243; icon_color=&#8221;#0C71C3&#8243; icon_placement=&#8221;left&#8221; _builder_version=&#8221;4.16&#8243; header_level=&#8221;h3&#8243; header_font=&#8221;|300|||||||&#8221; header_text_color=&#8221;#0c71c3&#8243; custom_margin=&#8221;||5px||false|false&#8221; global_colors_info=&#8221;{}&#8221;][\/et_pb_blurb][et_pb_blurb title=&#8221; Accommodation in desert camp (Desert Tours)&#8221; use_icon=&#8221;on&#8221; font_icon=&#8221;&#x4e;||divi||400&#8243; icon_color=&#8221;#0C71C3&#8243; icon_placement=&#8221;left&#8221; _builder_version=&#8221;4.16&#8243; header_level=&#8221;h3&#8243; header_font=&#8221;|300|||||||&#8221; header_text_color=&#8221;#0c71c3&#8243; custom_margin=&#8221;||5px||false|false&#8221; global_colors_info=&#8221;{}&#8221;][\/et_pb_blurb][et_pb_blurb title=&#8221; Camel trek in Sahara (Desert Tours).&#8221; use_icon=&#8221;on&#8221; font_icon=&#8221;&#x4e;||divi||400&#8243; icon_color=&#8221;#0C71C3&#8243; icon_placement=&#8221;left&#8221; _builder_version=&#8221;4.16&#8243; header_level=&#8221;h3&#8243; header_font=&#8221;|300|||||||&#8221; header_text_color=&#8221;#0c71c3&#8243; custom_margin=&#8221;||5px||false|false&#8221; global_colors_info=&#8221;{}&#8221;][\/et_pb_blurb][et_pb_blurb title=&#8221; Breakfast and dinner.&#8221; use_icon=&#8221;on&#8221; font_icon=&#8221;&#x4e;||divi||400&#8243; icon_color=&#8221;#0C71C3&#8243; icon_placement=&#8221;left&#8221; _builder_version=&#8221;4.16&#8243; header_level=&#8221;h3&#8243; header_font=&#8221;|300|||||||&#8221; header_text_color=&#8221;#0c71c3&#8243; global_colors_info=&#8221;{}&#8221;][\/et_pb_blurb][\/et_pb_column][et_pb_column type=&#8221;1_3&#8243; _builder_version=&#8221;4.16&#8243; background_color=&#8221;#ffffff&#8221; custom_padding=&#8221;20px|8px|20px|8px|true|true&#8221; global_colors_info=&#8221;{}&#8221;][et_pb_blurb title=&#8221;This Tour Dont Includes&#8221; use_icon=&#8221;on&#8221; font_icon=&#8221;&#x43;||divi||400&#8243; icon_color=&#8221;#0C71C3&#8243; icon_placement=&#8221;left&#8221; _builder_version=&#8221;4.16&#8243; header_level=&#8221;h1&#8243; header_font=&#8221;|800|||||||&#8221; header_text_color=&#8221;#0c71c3&#8243; global_colors_info=&#8221;{}&#8221;][\/et_pb_blurb][et_pb_blurb title=&#8221; Lunches.&#8221; use_icon=&#8221;on&#8221; font_icon=&#8221;&#x4e;||divi||400&#8243; icon_color=&#8221;#0C71C3&#8243; icon_placement=&#8221;left&#8221; _builder_version=&#8221;4.16&#8243; header_level=&#8221;h3&#8243; header_font=&#8221;|300|||||||&#8221; header_text_color=&#8221;#0c71c3&#8243; custom_margin=&#8221;||0px||false|false&#8221; global_colors_info=&#8221;{}&#8221;][\/et_pb_blurb][et_pb_blurb title=&#8221; Drinks.&#8221; use_icon=&#8221;on&#8221; font_icon=&#8221;&#x4e;||divi||400&#8243; icon_color=&#8221;#0C71C3&#8243; icon_placement=&#8221;left&#8221; _builder_version=&#8221;4.16&#8243; header_level=&#8221;h3&#8243; header_font=&#8221;|300|||||||&#8221; header_text_color=&#8221;#0c71c3&#8243; custom_margin=&#8221;||0px||false|false&#8221; global_colors_info=&#8221;{}&#8221;][\/et_pb_blurb][et_pb_blurb title=&#8221; Tips.&#8221; use_icon=&#8221;on&#8221; font_icon=&#8221;&#x4e;||divi||400&#8243; icon_color=&#8221;#0C71C3&#8243; icon_placement=&#8221;left&#8221; _builder_version=&#8221;4.16&#8243; header_level=&#8221;h3&#8243; header_font=&#8221;|300|||||||&#8221; header_text_color=&#8221;#0c71c3&#8243; custom_padding=&#8221;||8px||false|false&#8221; border_width_bottom=&#8221;4px&#8221; border_color_bottom=&#8221;#efefef&#8221; global_colors_info=&#8221;{}&#8221;][\/et_pb_blurb][et_pb_button button_url=&#8221;https:\/\/primemoroccotours.com\/book-your-morocco-tour-today\/&#8221; button_text=&#8221;Check availability&#8221; button_alignment=&#8221;center&#8221; _builder_version=&#8221;4.16&#8243; custom_button=&#8221;on&#8221; button_text_color=&#8221;#FFFFFF&#8221; button_bg_color=&#8221;#2980b9&#8243; button_border_width=&#8221;0px&#8221; button_font=&#8221;|300|||||||&#8221; button_icon=&#8221;&#xe023;||divi||400&#8243; global_colors_info=&#8221;{}&#8221;][\/et_pb_button][et_pb_button button_url=&#8221;https:\/\/primemoroccotours.com\/contact-us\/&#8221; button_text=&#8221;Contact us Now!&#8221; button_alignment=&#8221;center&#8221; _builder_version=&#8221;4.16&#8243; custom_button=&#8221;on&#8221; button_text_color=&#8221;#FFFFFF&#8221; button_bg_color=&#8221;#2980b9&#8243; button_border_width=&#8221;0px&#8221; button_font=&#8221;|300|||||||&#8221; button_icon=&#8221;&#xe010;||divi||400&#8243; global_colors_info=&#8221;{}&#8221;][\/et_pb_button][\/et_pb_column][\/et_pb_row][et_pb_row _builder_version=&#8221;4.16&#8243; locked=&#8221;off&#8221; global_colors_info=&#8221;{}&#8221;][et_pb_column type=&#8221;4_4&#8243; _builder_version=&#8221;4.16&#8243; global_colors_info=&#8221;{}&#8221;][et_pb_blurb title=&#8221;frequently asked questions?&#8221; image=&#8221;https:\/\/primemoroccotours.com\/wp-content\/uploads\/2020\/02\/question-mark.png&#8221; icon_placement=&#8221;left&#8221; content_max_width=&#8221;1100px&#8221; _builder_version=&#8221;4.16&#8243; header_level=&#8221;h1&#8243; header_font=&#8221;|700|||||||&#8221; header_text_color=&#8221;#fc3952&#8243; global_colors_info=&#8221;{}&#8221;][\/et_pb_blurb][et_pb_accordion open_toggle_text_color=&#8221;#0c71c3&#8243; _builder_version=&#8221;4.16&#8243; toggle_level=&#8221;h2&#8243; global_colors_info=&#8221;{}&#8221;][et_pb_accordion_item title=&#8221;Why Morocco desert tours?&#8221; open=&#8221;on&#8221; _builder_version=&#8221;4.16&#8243; global_colors_info=&#8221;{}&#8221;]<p>Morocco is truly the land of diversity! It\u2019s a country with many faces; each face represents a geographical spot with all its unique nature, cultures and lifestyles. Touring Morocco is a very rich experience, which never fails to amaze the visitors, thanks to the very diverse nature of this wonderful country. In \u201cPrime Morocco Tours\u201d we offer tours that allow the visitors to experience this diversity of the Moroccan natural and cultural landscapes. We <a href=\"https:\/\/primemoroccotours.com\/es\/book-your-morocco-tour-today\/\">organizar excursiones<\/a> that visit the imperial cities with all their cool historical monuments and their fancy, modern lifestyles. The Morocco desert tours also visit the Atlas Mountains and the forests in the area, along with many valleys, waterfalls, gorges, lakes and coastal cities with warm beaches. However, the most recommended place to visit, according to us is the Great Sahara Desert; the tours that visit Merzouga and Erg Chebbi dunes are something that everyone who visits Morocco must try. When you&#8217;re in the Moroccan desert you can <a href=\"https:\/\/primemoroccotours.com\/es\/camel-trekking-2\/\">montar en camello<\/a>, que es una experiencia que no muchos pa\u00edses pueden ofrecer. Tambi\u00e9n puedes enterrar tu cuerpo debajo de las arenas para fines m\u00e9dicos como lo hacen los locales. O simplemente disfrutar de los paisajes des\u00e9rticos m\u00e1gicos de las dunas doradas, tal vez incluso combinado con los hermosos colores del atardecer.\u00a0 Hay campamentos en el desierto con tiendas tradicionales y tambi\u00e9n modernas y c\u00f3modas, estos campamentos suelen tener una banda de m\u00fasicos bereberes y un cocinero que puede preparar la cocina tradicional. El desierto es tambi\u00e9n un lugar donde se han organizado muchas fiestas y conciertos.<\/p>\n<p>The Moroccan Sahara Desert is a special experience that you can only have in a country as Morocco, That\u2019s why most of our tours visit the desert.<\/p>[\/et_pb_accordion_item][et_pb_accordion_item title=&#8221;Merzouga Desert, Erg Chigaga or the imperial cities?&#8221; _builder_version=&#8221;4.16&#8243; global_colors_info=&#8221;{}&#8221; open=&#8221;off&#8221;]<ul>\n<li>Desierto de Merzouga.<\/li>\n<\/ul>\n<p>Uno de los mejores lugares para visitar en Marruecos es Merzouga, que es el pueblo cerca de las dunas de Erg Chebbi. El desierto de Merzouga es un lugar donde se pueden experimentar dos estilos de vida; el estilo de vida del desierto con todos sus aspectos naturales como las dunas, los paseos en camello y el maravilloso cielo nocturno, y un estilo de vida confortable en los hoteles de lujo de la ciudad. Es verdaderamente un lugar saludable desierto de Merzouga.<\/p>\n<ul>\n<li>Erg Chigaga.<\/li>\n<\/ul>\n<p>Para las personas que les gusta tener una experiencia de desierto crudo con condiciones m\u00e1s extremas, una buena parada es Erg Chigaga, que se encuentra cerca del pueblo Zagora. Las dunas de Erg Chigaga son, con mucho, las m\u00e1s grandes de Marruecos. Las personas que les gusta desafiar sus l\u00edmites de resistencia podr\u00edan encontrar Erg Chigaga un lugar donde pueden explorar ese viaje interior de la auto-motivaci\u00f3n.<\/p>\n<ul>\n<li>Las Ciudades Imperiales.<\/li>\n<\/ul>\n<p>Las ciudades imperiales de Marruecos son muy ricas y diversas en t\u00e9rminos de historia, cultura y estilos de vida. Ciudades como <a href=\"https:\/\/primemoroccotours.com\/es\/tours-from-fes\/\">Fez<\/a> y <a href=\"https:\/\/primemoroccotours.com\/es\/tours-from-marrakech\/\">Marrakech<\/a> Tienen una historia que se remonta a la Edad Media, en la que muchas culturas han ayudado en el proceso de conformaci\u00f3n de estas enormes \u00e1reas urbanas con sus estilos de vida \u00fanicos. Las ciudades imperiales tienen todas una ciudad vieja (Medina), que tiene un registro muy rico de edificios y arquitecturas del pasado antiguo. Las visitas guiadas por los lugares hist\u00f3ricos de las ciudades imperiales de Marruecos son verdaderamente fascinantes. Por ejemplo, Fez tiene la universidad m\u00e1s antigua del mundo. Puedes aprender mucho sobre la historia mundial en lugares como Marruecos. Las ciudades imperiales de Marruecos son tambi\u00e9n ciudades muy sofisticadas con un estilo de vida muy moderno. Las partes modernas de las ciudades imperiales marroqu\u00edes tienen centros comerciales, restaurantes, hoteles de cinco estrellas, bares, discotecas...<\/p>\n<ul>\n<li>Nuestra recomendaci\u00f3n.<\/li>\n<\/ul>\n<p>Nuestros clientes parecen dar siempre comentarios muy positivos sobre nuestras excursiones por el desierto a Merzouga y Erg Chebbi. Quiz\u00e1s porque los hoteles y las estructuras de este lugar tienen una dedicaci\u00f3n muy aguda para hacer que los turistas se sientan tan c\u00f3modos y felices, especialmente desde el ambiente des\u00e9rtico puede ser duro a veces. Los servicios en este lugar son satisfactorios y de alta calidad. Por eso \"<a href=\"https:\/\/primemoroccotours.com\/es\/\">prime Morocco Tours<\/a>\"  Recomiendo mucho el desierto de Merzouga.<\/p>\n<p>Si necesita m\u00e1s informaci\u00f3n sobre el tema, no dude en <a href=\"https:\/\/primemoroccotours.com\/es\/contact-us\/\">cont\u00e1ctenos.<\/a><\/p>[\/et_pb_accordion_item][et_pb_accordion_item title=&#8221;Why book with Prime Morocco Tours?&#8221; _builder_version=&#8221;4.16&#8243; global_colors_info=&#8221;{}&#8221; open=&#8221;off&#8221;]<p><a href=\"https:\/\/primemoroccotours.com\/es\/about-prime-morocco-tours\/\">\u201cPrime Morocco Tours\u201d<\/a> es una agencia de viajes que celebra m\u00e1s de 15 a\u00f1os de servicios tur\u00edsticos y visitas guiadas. Somos hijos del desierto y somos amazigh que amamos su tierra e identidad; creemos tener algo especial en nuestras queridas tierras marroqu\u00edes y queremos compartirlo con quien sea que est\u00e9 interesado. Los servicios que ofrecemos son nuestra forma de ayudar a los extranjeros a descubrir nuestra tierra, y la calidad de nuestros servicios est\u00e1 motivada por nuestra tendencia natural como marroqu\u00edes bereberes a ser hospitalarios con los extra\u00f1os.<\/p>[\/et_pb_accordion_item][et_pb_accordion_item title=&#8221;Customize your own Morocco dream trip with \u201cPrime Morocco Tours\u201d.&#8221; _builder_version=&#8221;4.16&#8243; global_colors_info=&#8221;{}&#8221; open=&#8221;off&#8221;]<p>Nuestros servicios de \"Prime Morocco Tours\" permiten al cliente tener el control total en la personalizaci\u00f3n de su propio viaje de ensue\u00f1o por Marruecos. Tenemos nuestro<a href=\"https:\/\/primemoroccotours.com\/es\/prime-morocco-tours\/\"> visitas normales,<\/a> que parecen satisfacer a nuestros clientes. Sin embargo, si quieres personalizar tu viaje; cosas como: lugares adicionales para visitar, viajar con tu familia o amigos y reservar en diferentes hoteles, no dudes en <a href=\"https:\/\/primemoroccotours.com\/es\/contact-us\/\">cont\u00e1ctenos<\/a>\u2026 En \"Prime Morocco Tours\" nuestro primer objetivo es dar al turista una experiencia maravillosa, y si eso significa personalizar las cosas seg\u00fan cada individuo, \u00a1que as\u00ed sea!<\/p>[\/et_pb_accordion_item][\/et_pb_accordion][\/et_pb_column][\/et_pb_row][\/et_pb_section]","protected":false},"excerpt":{"rendered":"<p>multi days tours that start from Fes, Marrakech, Tangier, Casablanca or wherever you want to the Merzouga desert, Erg Chebbi or imperial cities. Feel free to surf our tour choices, if you do like anything contact us, and if you have any question or modifications, feel free to contact us we are available 24h a [&hellip;]<\/p>","protected":false},"author":1,"featured_media":0,"parent":0,"menu_order":0,"comment_status":"closed","ping_status":"closed","template":"","meta":{"_et_pb_use_builder":"on","_et_pb_old_content":"<!-- wp:divi\/placeholder \/-->","_et_gb_content_width":"","_joinchat":[],"footnotes":""},"class_list":["post-19","page","type-page","status-publish","hentry"],"_links":{"self":[{"href":"https:\/\/primemoroccotours.com\/es\/wp-json\/wp\/v2\/pages\/19","targetHints":{"allow":["GET"]}}],"collection":[{"href":"https:\/\/primemoroccotours.com\/es\/wp-json\/wp\/v2\/pages"}],"about":[{"href":"https:\/\/primemoroccotours.com\/es\/wp-json\/wp\/v2\/types\/page"}],"author":[{"embeddable":true,"href":"https:\/\/primemoroccotours.com\/es\/wp-json\/wp\/v2\/users\/1"}],"replies":[{"embeddable":true,"href":"https:\/\/primemoroccotours.com\/es\/wp-json\/wp\/v2\/comments?post=19"}],"version-history":[{"count":13,"href":"https:\/\/primemoroccotours.com\/es\/wp-json\/wp\/v2\/pages\/19\/revisions"}],"predecessor-version":[{"id":27303,"href":"https:\/\/primemoroccotours.com\/es\/wp-json\/wp\/v2\/pages\/19\/revisions\/27303"}],"wp:attachment":[{"href":"https:\/\/primemoroccotours.com\/es\/wp-json\/wp\/v2\/media?parent=19"}],"curies":[{"name":"wp","href":"https:\/\/api.w.org\/{rel}","templated":true}]}}