{"id":17,"date":"2019-09-09T21:11:03","date_gmt":"2019-09-09T21:11:03","guid":{"rendered":"http:\/\/primemoroccotours.com\/?page_id=17"},"modified":"2025-02-25T14:08:00","modified_gmt":"2025-02-25T14:08:00","slug":"about-prime-morocco-tours","status":"publish","type":"page","link":"https:\/\/primemoroccotours.com\/es\/about-prime-morocco-tours\/","title":{"rendered":"Acerca de Prime Morocco Tours"},"content":{"rendered":"[et_pb_section fb_built=&#8221;1&#8243; fullwidth=&#8221;on&#8221; _builder_version=&#8221;4.16&#8243; global_colors_info=&#8221;{}&#8221;][et_pb_fullwidth_header title=&#8221;About us&#8221; _builder_version=&#8221;4.16&#8243; title_font=&#8221;|800||on|||||&#8221; background_color=&#8221;rgba(126,190,197,0)&#8221; use_background_color_gradient=&#8221;on&#8221; background_color_gradient_stops=&#8221;rgba(12,113,195,0.58) 0%|rgba(49,114,234,0.31) 100%&#8221; background_color_gradient_overlays_image=&#8221;on&#8221; background_color_gradient_start=&#8221;rgba(12,113,195,0.58)&#8221; background_color_gradient_end=&#8221;rgba(49,114,234,0.31)&#8221; background_image=&#8221;https:\/\/primemoroccotours.com\/wp-content\/uploads\/2019\/09\/Morocco-bg-.jpg&#8221; custom_padding=&#8221;187px||187px||true|false&#8221; global_colors_info=&#8221;{}&#8221;]<p>Acerca de Prime Morocco Tours <\/p>[\/et_pb_fullwidth_header][\/et_pb_section][et_pb_section fb_built=&#8221;1&#8243; _builder_version=&#8221;4.16&#8243; global_colors_info=&#8221;{}&#8221;][et_pb_row _builder_version=&#8221;4.16&#8243; global_colors_info=&#8221;{}&#8221;][et_pb_column type=&#8221;4_4&#8243; _builder_version=&#8221;4.16&#8243; global_colors_info=&#8221;{}&#8221;][et_pb_blurb title=&#8221;Get To know more About Prime Morocco Tours:&#8221; use_icon=&#8221;on&#8221; font_icon=&#8221;&#x31;||divi||400&#8243; icon_color=&#8221;#0c71c3&#8243; icon_placement=&#8221;left&#8221; content_max_width=&#8221;1100px&#8221; _builder_version=&#8221;4.16&#8243; header_level=&#8221;h2&#8243; header_text_color=&#8221;#0c71c3&#8243; global_colors_info=&#8221;{}&#8221;]<p>Prime Morocco Tours Agency es una agencia de viajes especializada con una gran variedad de tours privados en Marruecos. Nuestro equipo est\u00e1 formado por gu\u00edas marroqu\u00edes experimentados que hablan muchos idiomas dependiendo del hu\u00e9sped; ingl\u00e9s, franc\u00e9s, espa\u00f1ol, italiano, \u00e1rabe y tamazight (bereber) y saben mucho sobre la cultura e historia marroqu\u00ed.<\/p>\n<p>Prime Morocco Tours Agency puede planificar diferentes tipos de tours privados locales en Marruecos dependiendo de los hu\u00e9spedes. A veces recibimos hu\u00e9spedes que quieren disfrutar de los lugares tranquilos en Marruecos y algunos lo contrario buscan tiempo de diversi\u00f3n con eventos culturales y degustar comida tradicional otros pueden querer ir para senderismo y trucos en las monta\u00f1as. Cualquier demanda de nuestros hu\u00e9spedes estamos abiertos a escuchar, y hacer posible para ellos.<\/p>\n<p>Nuestro equipo est\u00e1 preparado para trabajar con hu\u00e9spedes con diferentes necesidades y expectativas. Cuando nuestros hu\u00e9spedes toman su decisi\u00f3n de un tour en Marruecos, el equipo de Prime Morocco Tours est\u00e1 trabajando para ofrecerle el mejor tour en condiciones seguras y cre\u00edbles con gu\u00edas altamente recomendados que se unir\u00e1n a usted durante su viaje. El equipo trabajar\u00e1 con usted de acuerdo a sus fechas, expectativas e intereses para darle la mejor visita. Vamos a levantarnos por ti tendremos el mejor tour ya que aterrizar\u00e1s en tiempo volver\u00e1s a casa.<\/p>\n<p>Marruecos y sus maravillosos paisajes, cultura y gente hospitalaria est\u00e1 esperando su visita. Con Prime Morocco Tours Agency obtendr\u00e1s el mejor plan para tu tour privado local en Marruecos para descubrir los lugares m\u00e1s importantes. Nuestros servicios est\u00e1n dise\u00f1ados para superar sus necesidades y expectativas. Como usted tom\u00f3 un plan de decisi\u00f3n para un tour en Marruecos, vamos con un altamente recomendado gu\u00edas marroqu\u00edes trabajar de acuerdo a sus fechas e intereses para armar el mejor tour para usted. Nuestro equipo te atender\u00e1 desde el d\u00eda de tu llegada hasta que vuelvas a casa. Nos avala que nuestros servicios son \u00fanicos y dise\u00f1ados con nuestros hu\u00e9spedes.\u00a0<\/p>\n<p>Prime Morocco Tours agencia est\u00e1 aqu\u00ed para ayudarle a decidir si desea alguna idea de inspiraci\u00f3n sobre el tour marroqu\u00ed. Nuestro equipo le dar\u00e1 el mejor tour que superar\u00e1 sus expectativas. No dude en contactarnos por correo electr\u00f3nico o tel\u00e9fono para discutir sus necesidades de viaje privado y deseos personales.<\/p>\n<p>Nuestro equipo trabaja para tu comodidad!<\/p>\n<p>&nbsp;<\/p>[\/et_pb_blurb][\/et_pb_column][\/et_pb_row][\/et_pb_section][et_pb_section fb_built=&#8221;1&#8243; fullwidth=&#8221;on&#8221; _builder_version=&#8221;4.16&#8243; top_divider_style=&#8221;arrow2&#8243; top_divider_color=&#8221;#0c71c3&#8243; top_divider_height=&#8221;66px&#8221; bottom_divider_style=&#8221;arrow3&#8243; bottom_divider_color=&#8221;#0c71c3&#8243; global_colors_info=&#8221;{}&#8221;][et_pb_fullwidth_header title=&#8221;Welcome To Prime Morocco Tours&#8221; text_orientation=&#8221;center&#8221; logo_image_url=&#8221;https:\/\/primemoroccotours.com\/wp-content\/uploads\/2019\/09\/Prime-Morocco-Tours-logo.png&#8221; _builder_version=&#8221;4.16&#8243; background_color=&#8221;#ffffff&#8221; background_enable_image=&#8221;off&#8221; global_colors_info=&#8221;{}&#8221;]<p><g class=\"gr_ gr_23 gr-alert gr_spell gr_inline_cards gr_run_anim ContextualSpelling multiReplace\" id=\"23\" data-gr-id=\"23\">Were<\/g> we do our best to treat you well.<\/p>[\/et_pb_fullwidth_header][\/et_pb_section]","protected":false},"excerpt":{"rendered":"<p>About Prime Morocco Tours Prime Morocco Tours Agency is a specialized travel agency with a very large choice of private tours in Morocco. Our team is formed with experienced Moroccan guides who speak many languages depending on the guest; English, French, Spanish, Italian, Arabic and Tamazight (Berber) and know a lot about Moroccan culture and [&hellip;]<\/p>","protected":false},"author":1,"featured_media":0,"parent":0,"menu_order":0,"comment_status":"closed","ping_status":"closed","template":"","meta":{"_et_pb_use_builder":"on","_et_pb_old_content":"<!-- wp:divi\/placeholder \/-->","_et_gb_content_width":"","_joinchat":[],"footnotes":""},"class_list":["post-17","page","type-page","status-publish","hentry"],"_links":{"self":[{"href":"https:\/\/primemoroccotours.com\/es\/wp-json\/wp\/v2\/pages\/17","targetHints":{"allow":["GET"]}}],"collection":[{"href":"https:\/\/primemoroccotours.com\/es\/wp-json\/wp\/v2\/pages"}],"about":[{"href":"https:\/\/primemoroccotours.com\/es\/wp-json\/wp\/v2\/types\/page"}],"author":[{"embeddable":true,"href":"https:\/\/primemoroccotours.com\/es\/wp-json\/wp\/v2\/users\/1"}],"replies":[{"embeddable":true,"href":"https:\/\/primemoroccotours.com\/es\/wp-json\/wp\/v2\/comments?post=17"}],"version-history":[{"count":9,"href":"https:\/\/primemoroccotours.com\/es\/wp-json\/wp\/v2\/pages\/17\/revisions"}],"predecessor-version":[{"id":26913,"href":"https:\/\/primemoroccotours.com\/es\/wp-json\/wp\/v2\/pages\/17\/revisions\/26913"}],"wp:attachment":[{"href":"https:\/\/primemoroccotours.com\/es\/wp-json\/wp\/v2\/media?parent=17"}],"curies":[{"name":"wp","href":"https:\/\/api.w.org\/{rel}","templated":true}]}}